{"id":995,"date":"2026-01-05T16:34:46","date_gmt":"2026-01-05T13:34:46","guid":{"rendered":"https:\/\/mariiaposvystak24.thkit.ee\/wp\/?page_id=995"},"modified":"2026-01-05T16:34:46","modified_gmt":"2026-01-05T13:34:46","slug":"crossword","status":"publish","type":"page","link":"https:\/\/mariiaposvystak24.thkit.ee\/wp\/crossword\/","title":{"rendered":"CrossWord"},"content":{"rendered":"\r\n                    <script>\r\n                        if( typeof tuskcode_puzzle_data === 'undefined' ){\r\n                            var tuskcode_puzzle_data = [];                            \r\n                        } \r\n\r\n                        if( typeof tuskcode_plugin_version === 'undefined'){\r\n                            var tuskcode_plugin_version = '1.2.2';\r\n                        }\r\n\r\n                        if( typeof tuskcode_default_settings === 'undefined' ){\r\n                            var tuskcode_default_settings = {\"general\":{\"highlightAnswers\":true,\"colorCorrect\":\"rgba(128, 240, 171, 0.7)\",\"colorWrong\":\"rgba(241, 193, 193, 0.7)\",\"timeCheck\":1,\"extraOne\":\"\",\"extraTwo\":\"\",\"extraThree\":\"\",\"extraFour\":\"\",\"extra1\":0,\"extra2\":0,\"extra3\":1,\"extra4\":1},\"menu\":{\"general\":{\"showMenu\":false,\"showDownloadEmptyPuzzlePdf\":false,\"showPrintEmptyPuzzle\":false,\"showPrintCurrentState\":true,\"showRememberSettings\":true,\"skipFilledCells\":true,\"showCellSizeAdjs\":true,\"showCellFontSize\":true,\"showFontSizeClueNo\":true,\"colorDefaultBlank\":\"#565a7b\",\"colorDefaultHighlighted\":\"#ebd700\",\"colorDefaultFocused\":\"#2b0dbf\",\"colorCellText\":\"#2b0dbf\",\"reportBugEmail\":\"\",\"showInfo\":true,\"showInfoTemplate\":true}},\"sizes\":{\"desktop\":{\"low\":1200,\"cellSize\":34,\"fontSize\":1.3,\"fontSizeClueNo\":0.7},\"laptop\":{\"cellSize\":30,\"fontSize\":1.2,\"fontSizeClueNo\":0.7},\"tablet\":{\"high\":768,\"cellSize\":26,\"fontSize\":1.1,\"fontSizeClueNo\":0.7},\"mobile\":{\"low\":0,\"high\":576,\"cellSize\":24,\"fontSize\":1,\"fontSizeClueNo\":0.7}},\"labels\":{\"general\":{\"across_clues\":\"Across Clues\",\"down_clues\":\"Down Clues\",\"clue_display\":\"Clue Display - Press on any cell to start\",\"clue\":\"Clue\",\"cell\":\"Cell\",\"puzzle\":\"Puzzle\"},\"menu\":[],\"message\":[]},\"info\":\"\\r\\n<div class='puzzle-info-template-div'>\\r\\n\\r\\n        <h4 style='text-align:center'>\\r\\n            How to play the puzzle!        <\/h4>\\r\\n\\r\\n        <p>           \\r\\n            Click on any cell to get started        <\/p>\\r\\n\\r\\n        <p>            \\r\\n            Click on vertical \/ horizontal lines to change direction        <\/p>\\r\\n        \\r\\n        <p>           \\r\\n            Direction can also be changed by clicking on Space \/ Enter key        <\/p>\\r\\n\\r\\n        <p>           \\r\\n            Across and Down Clues can be toggle visible by clicking on the down \/ up arrows        <\/p>\\r\\n    \\r\\n<\/div>\"};\r\n                        } \r\n                        \r\n                        if( typeof tuskcode_default_print_header === 'undefined'){\r\n                            var tuskcode_default_print_header = ``;\r\n                        }\r\n\r\n                        if( typeof ajaxurl === 'undefined' ){\r\n                            var ajaxurl =  'https:\/\/mariiaposvystak24.thkit.ee\/wp\/wp-admin\/admin-ajax.php';\r\n                        }\r\n                                               \r\n                        var tuskcode_puzzle_1= {\r\n                            table_data  : [[\"#\",\"#\",\"#\",\"#\",\"#\",\"#\",\"#\",\"#\",1,2,0,\"#\",\"#\",\"#\",\"#\"],[\"#\",\"#\",\"#\",\"#\",\"#\",\"#\",\"#\",\"#\",\"#\",0,\"#\",3,\"#\",4,\"#\"],[\"#\",\"#\",\"#\",5,0,0,0,0,0,0,0,0,\"#\",0,\"#\"],[\"#\",\"#\",\"#\",\"#\",\"#\",\"#\",\"#\",\"#\",\"#\",0,\"#\",0,\"#\",0,\"#\"],[\"#\",\"#\",\"#\",6,\"#\",\"#\",\"#\",\"#\",\"#\",0,\"#\",0,\"#\",0,\"#\"],[\"#\",7,\"#\",0,\"#\",\"#\",\"#\",\"#\",\"#\",0,\"#\",0,\"#\",0,\"#\"],[\"#\",0,\"#\",0,\"#\",\"#\",\"#\",\"#\",\"#\",\"#\",\"#\",0,\"#\",0,\"#\"],[8,0,0,0,0,9,0,10,0,0,0,0,0,0,0],[\"#\",0,\"#\",0,\"#\",0,\"#\",0,\"#\",\"#\",\"#\",0,\"#\",0,\"#\"],[\"#\",0,\"#\",0,\"#\",0,\"#\",0,\"#\",\"#\",\"#\",0,\"#\",0,\"#\"],[\"#\",\"#\",\"#\",0,\"#\",\"#\",\"#\",0,\"#\",\"#\",\"#\",0,\"#\",0,\"#\"],[\"#\",\"#\",\"#\",0,\"#\",\"#\",\"#\",0,\"#\",\"#\",\"#\",\"#\",\"#\",\"#\",\"#\"],[11,0,0,0,0,0,\"#\",\"#\",\"#\",\"#\",\"#\",\"#\",\"#\",\"#\",\"#\"],[\"#\",\"#\",\"#\",0,\"#\",\"#\",\"#\",\"#\",\"#\",\"#\",\"#\",\"#\",\"#\",\"#\",\"#\"],[\"#\",\"#\",\"#\",0,\"#\",\"#\",\"#\",\"#\",\"#\",\"#\",\"#\",\"#\",\"#\",\"#\",\"#\"]],\r\n                            hor_clues   : {\"1\":{\"i\":0,\"j\":8,\"len\":3,\"clue\":1,\"ans\":\"\",\"q\":\"Website design style language\"},\"5\":{\"i\":2,\"j\":3,\"len\":9,\"clue\":5,\"ans\":\"\",\"q\":\"Keyword to increase style priority (css)\"},\"8\":{\"i\":7,\"j\":0,\"len\":15,\"clue\":8,\"ans\":\"\",\"q\":\"CSS property for underlining text (css)(-)\"},\"11\":{\"i\":12,\"j\":0,\"len\":6,\"clue\":11,\"ans\":\"\",\"q\":\"HTML tag for adding JavaScript\"}},\r\n                            ver_clues   : {\"2\":{\"i\":0,\"j\":9,\"len\":6,\"clue\":2,\"ans\":\"\",\"q\":\"Default value of CSS position (css)\"},\"3\":{\"i\":1,\"j\":11,\"len\":10,\"clue\":3,\"ans\":\"\",\"q\":\"CSS property for text outline (css)\"},\"4\":{\"i\":1,\"j\":13,\"len\":10,\"clue\":4,\"ans\":\"\",\"q\":\"JavaScript function to round a number (JS)(.)\"},\"6\":{\"i\":4,\"j\":3,\"len\":11,\"clue\":6,\"ans\":\"\",\"q\":\"Font selection feature (css)(-)\"},\"7\":{\"i\":5,\"j\":1,\"len\":5,\"clue\":7,\"ans\":\"\",\"q\":\"JavaScripti k\u00e4sk ts\u00fcklist v\u00e4ljumiseks (js)\"},\"9\":{\"i\":7,\"j\":5,\"len\":3,\"clue\":9,\"ans\":\"\",\"q\":\"HTML document tree structure\"},\"10\":{\"i\":7,\"j\":7,\"len\":5,\"clue\":10,\"ans\":\"\",\"q\":\"Attribute to set the style of an element (css\/html)\"}},\r\n                            name        :'HTML\/CSS\/JavaScript',\r\n                            rows_no     : 15,\r\n                            cols_no     : 15,\r\n                            id          : 1,\r\n                            reg_expr     : '',\r\n                            show_answers : false,\r\n                            answers_data  : [[\"#\",\"#\",\"#\",\"#\",\"#\",\"#\",\"#\",\"#\",\"C\",\"S\",\"S\",\"#\",\"#\",\"#\",\"#\"],[\"#\",\"#\",\"#\",\"#\",\"#\",\"#\",\"#\",\"#\",\"#\",\"T\",\"#\",\"S\",\"#\",\"M\",\"#\"],[\"#\",\"#\",\"#\",\"I\",\"M\",\"P\",\"O\",\"R\",\"T\",\"A\",\"N\",\"T\",\"#\",\"A\",\"#\"],[\"#\",\"#\",\"#\",\"#\",\"#\",\"#\",\"#\",\"#\",\"#\",\"T\",\"#\",\"R\",\"#\",\"T\",\"#\"],[\"#\",\"#\",\"#\",\"F\",\"#\",\"#\",\"#\",\"#\",\"#\",\"I\",\"#\",\"O\",\"#\",\"H\",\"#\"],[\"#\",\"B\",\"#\",\"O\",\"#\",\"#\",\"#\",\"#\",\"#\",\"C\",\"#\",\"K\",\"#\",\".\",\"#\"],[\"#\",\"R\",\"#\",\"N\",\"#\",\"#\",\"#\",\"#\",\"#\",\"#\",\"#\",\"E\",\"#\",\"R\",\"#\"],[\"T\",\"E\",\"X\",\"T\",\"-\",\"D\",\"E\",\"C\",\"O\",\"R\",\"A\",\"T\",\"I\",\"O\",\"N\"],[\"#\",\"A\",\"#\",\"-\",\"#\",\"O\",\"#\",\"L\",\"#\",\"#\",\"#\",\"E\",\"#\",\"U\",\"#\"],[\"#\",\"K\",\"#\",\"F\",\"#\",\"M\",\"#\",\"A\",\"#\",\"#\",\"#\",\"X\",\"#\",\"N\",\"#\"],[\"#\",\"#\",\"#\",\"A\",\"#\",\"#\",\"#\",\"S\",\"#\",\"#\",\"#\",\"T\",\"#\",\"D\",\"#\"],[\"#\",\"#\",\"#\",\"M\",\"#\",\"#\",\"#\",\"S\",\"#\",\"#\",\"#\",\"#\",\"#\",\"#\",\"#\"],[\"S\",\"C\",\"R\",\"I\",\"P\",\"T\",\"#\",\"#\",\"#\",\"#\",\"#\",\"#\",\"#\",\"#\",\"#\"],[\"#\",\"#\",\"#\",\"L\",\"#\",\"#\",\"#\",\"#\",\"#\",\"#\",\"#\",\"#\",\"#\",\"#\",\"#\"],[\"#\",\"#\",\"#\",\"Y\",\"#\",\"#\",\"#\",\"#\",\"#\",\"#\",\"#\",\"#\",\"#\",\"#\",\"#\"]],\r\n                            reveal_date   : '',\r\n                            reveal_time   : '',\r\n                            menu_template : ` \r\n<div class='div-controls-btns block-raised'>        \r\n\r\n   <\/div>\r\n\r\n<hr\/>                            \r\n\r\n<div class='div-controls-adj block-raised'>\r\n\r\n<\/div>\r\n\r\n<hr \/>\r\n\r\n<div class='div-controls-colors block-raised'>\r\n\r\n\r\n<\/div>\r\n\r\n<hr \/>\r\n\r\n<div class='div-controls-pdf block-raised'\r\n\tv-show='showPrintBlock'\r\n>\r\n\r\n<\/div>\r\n\r\n<div class='div-controls-btns div-controls-btns-bottom'>\r\n<\/div> `,\r\n                            puzzle_top_template : ` \r\n<span class='block-raised \r\n            span-direction-control'\r\n            @click='actionToggleDirection'\r\n        >\r\n    <span class='horizontal'>\r\n\r\n        <svg fill=\"#000000\" height=\"20px\" width=\"20px\" version=\"1.1\" \r\n            id=\"dir_horizontal\"\r\n            :class='[ (last_focus_input !== null && dir==\"hor\") ? \"fillSVGRed\" : \"\"]'\r\n            xmlns=\"http:\/\/www.w3.org\/2000\/svg\" \r\n            xmlns:xlink=\"http:\/\/www.w3.org\/1999\/xlink\" \r\n            viewBox=\"0 0 511.947 511.947\" xml:space=\"preserve\">\r\n            <g>\r\n                <g>\r\n                    <path d=\"M508.933,248.353L402.267,141.687c-4.267-4.053-10.987-3.947-15.04,0.213c-3.947,4.16-3.947,10.667,0,14.827\r\n                        l88.427,88.427H36.4l88.427-88.427c4.053-4.267,3.947-10.987-0.213-15.04c-4.16-3.947-10.667-3.947-14.827,0L3.12,248.353\r\n                        c-4.16,4.16-4.16,10.88,0,15.04L109.787,370.06c4.267,4.053,10.987,3.947,15.04-0.213c3.947-4.16,3.947-10.667,0-14.827\r\n                        L36.4,266.593h439.147L387.12,355.02c-4.267,4.053-4.373,10.88-0.213,15.04c4.053,4.267,10.88,4.373,15.04,0.213\r\n                        c0.107-0.107,0.213-0.213,0.213-0.213l106.667-106.667C513.093,259.34,513.093,252.513,508.933,248.353z\"\/>\r\n                <\/g>\r\n            <\/g>\r\n        <\/svg>\r\n\r\n    <\/span>\r\n\r\n    <span class='vertical'>                                     \r\n\r\n    <svg fill=\"#000000\" height=\"20px\" width=\"20px\" version=\"1.1\"\r\n        id=\"dir_vertical\"\r\n        :class='[ (last_focus_input !== null && dir==\"ver\") ? \"fillSVGRed\" : \"\"]' xmlns=\"http:\/\/www.w3.org\/2000\/svg\" \r\n        xmlns:xlink=\"http:\/\/www.w3.org\/1999\/xlink\" \r\n        viewBox=\"0 0 511.947 511.947\" xml:space=\"preserve\">\r\n            <g>\r\n                <g>\r\n                    <path d=\"M370,387.12c-4.267-3.947-10.773-3.947-14.933,0l-88.427,88.533V36.4l88.427,88.427c4.267,4.053,10.987,3.947,15.04-0.213\r\n                        c3.947-4.16,3.947-10.667,0-14.827L263.44,3.12c-4.16-4.16-10.88-4.16-15.04,0L141.733,109.787\r\n                        c-4.053,4.267-3.947,10.987,0.213,15.04c4.16,3.947,10.667,3.947,14.827,0L245.307,36.4v439.147L156.88,387.12\r\n                        c-4.267-4.053-10.987-3.947-15.04,0.213c-3.947,4.16-3.947,10.667,0,14.827l106.667,106.667c4.16,4.16,10.88,4.16,15.04,0\r\n                        L370.213,402.16C374.267,397.893,374.16,391.173,370,387.12z\"\/>\r\n                <\/g>\r\n            <\/g>\r\n        <\/svg>\r\n\r\n    <\/span>\r\n<\/span>\r\n\r\n<span class='block-raised span-puzzle-info'\r\n    v-show='settings.menu.general.showInfo'\r\n    @click='actionShowInfo'\r\n>\r\n    <svg xmlns=\"http:\/\/www.w3.org\/2000\/svg\" width=\"20\" height=\"20\" fill=\"currentColor\" class=\"bi bi-info-circle\" \r\n        viewBox=\"0 0 16 16\">\r\n        <path d=\"M8 15A7 7 0 1 1 8 1a7 7 0 0 1 0 14zm0 1A8 8 0 1 0 8 0a8 8 0 0 0 0 16z\"\/>\r\n        <path d=\"m8.93 6.588-2.29.287-.082.38.45.083c.294.07.352.176.288.469l-.738 3.468c-.194.897.105 1.319.808 1.319.545 0 1.178-.252 1.465-.598l.088-.416c-.2.176-.492.246-.686.246-.275 0-.375-.193-.304-.533L8.93 6.588zM9 4.5a1 1 0 1 1-2 0 1 1 0 0 1 2 0z\"\/>\r\n    <\/svg>\r\n<\/span>`,\r\n                            puzzle_bottom_template : `  `,\r\n                            puzzle_clues_list_template : ` \r\n<div class='div-across-clue' >\r\n    <span \r\n        class='block-raised span-toggle-clues'\r\n        @click='userSettings.toggleShowCluesList = ! userSettings.toggleShowCluesList'\r\n    >\r\n\r\n        <svg xmlns=\"http:\/\/www.w3.org\/2000\/svg\" \r\n            v-show='! userSettings.toggleShowCluesList'\r\n            width=\"18\" height=\"18\" fill=\"currentColor\" class=\"bi bi-arrow-down-square-fill\" viewBox=\"0 0 16 16\">\r\n            <path d=\"M2 0a2 2 0 0 0-2 2v12a2 2 0 0 0 2 2h12a2 2 0 0 0 2-2V2a2 2 0 0 0-2-2H2zm6.5 4.5v5.793l2.146-2.147a.5.5 0 0 1 .708.708l-3 3a.5.5 0 0 1-.708 0l-3-3a.5.5 0 1 1 .708-.708L7.5 10.293V4.5a.5.5 0 0 1 1 0z\"\/>\r\n        <\/svg>\r\n\r\n        <svg xmlns=\"http:\/\/www.w3.org\/2000\/svg\" \r\n            v-show='userSettings.toggleShowCluesList'\r\n            width=\"18\" height=\"18\" fill=\"currentColor\" class=\"bi bi-arrow-up-square-fill\" viewBox=\"0 0 16 16\">\r\n            <path d=\"M2 16a2 2 0 0 1-2-2V2a2 2 0 0 1 2-2h12a2 2 0 0 1 2 2v12a2 2 0 0 1-2 2H2zm6.5-4.5V5.707l2.146 2.147a.5.5 0 0 0 .708-.708l-3-3a.5.5 0 0 0-.708 0l-3 3a.5.5 0 1 0 .708.708L7.5 5.707V11.5a.5.5 0 0 0 1 0z\"\/>\r\n        <\/svg>\r\n        \r\n    <\/span>\r\n    <h3>{{labels.general.across_clues}}<\/h3>\r\n\r\n    <div class='across-clues-wrapper'\r\n        v-show='userSettings.toggleShowCluesList'\r\n    >\r\n        <div class='across-clues-block' \r\n            style='display: none'                                   \r\n        >\r\n            <p  v-for=\"item in hor_clues\" \r\n                @click=\"clueClick( 'hor', item.clue, event )\"\r\n                data-dir='hor'\r\n                :id=\"'clue_hor_' + item.clue\"\r\n                class=\"p-clue-hor\"\r\n            >                                                          \r\n                {{ item.clue + '. ' +item.q }}                              \r\n            <\/p>\r\n        <\/div>\r\n    <\/div>\r\n\r\n<\/div>\r\n\r\n<div class='div-down-clue'>\r\n\r\n    <span \r\n        class='block-raised span-toggle-clues'\r\n        @click='userSettings.toggleShowCluesList = ! userSettings.toggleShowCluesList'\r\n    >\r\n\r\n    <svg xmlns=\"http:\/\/www.w3.org\/2000\/svg\" \r\n        v-show='! userSettings.toggleShowCluesList'\r\n        width=\"18\" height=\"18\" fill=\"currentColor\" class=\"bi bi-arrow-down-square-fill\" viewBox=\"0 0 16 16\">\r\n        <path d=\"M2 0a2 2 0 0 0-2 2v12a2 2 0 0 0 2 2h12a2 2 0 0 0 2-2V2a2 2 0 0 0-2-2H2zm6.5 4.5v5.793l2.146-2.147a.5.5 0 0 1 .708.708l-3 3a.5.5 0 0 1-.708 0l-3-3a.5.5 0 1 1 .708-.708L7.5 10.293V4.5a.5.5 0 0 1 1 0z\"\/>\r\n    <\/svg>\r\n\r\n    <svg xmlns=\"http:\/\/www.w3.org\/2000\/svg\" \r\n        v-show=' userSettings.toggleShowCluesList'\r\n        width=\"18\" height=\"18\" fill=\"currentColor\" class=\"bi bi-arrow-up-square-fill\" viewBox=\"0 0 16 16\">\r\n        <path d=\"M2 16a2 2 0 0 1-2-2V2a2 2 0 0 1 2-2h12a2 2 0 0 1 2 2v12a2 2 0 0 1-2 2H2zm6.5-4.5V5.707l2.146 2.147a.5.5 0 0 0 .708-.708l-3-3a.5.5 0 0 0-.708 0l-3 3a.5.5 0 1 0 .708.708L7.5 5.707V11.5a.5.5 0 0 0 1 0z\"\/>\r\n    <\/svg>\r\n        \r\n    <\/span>\r\n    <h3>{{labels.general.down_clues}}<\/h3>\r\n\r\n    <div class='down-clues-wrapper'\r\n        v-show='userSettings.toggleShowCluesList'\r\n    >\r\n        <div class='down-clues-block' \r\n            style='display: none' \r\n            \r\n        >\r\n            <p  v-for=\"item in ver_clues\"\r\n                @click=\"clueClick( 'ver', item.clue, event )\"\r\n                data-dir='ver'\r\n                class=\"p-clue-ver\"\r\n                :data-clue=\"item.clue\"\r\n                :id=\"'clue_ver_' + item.clue\">\r\n                {{ item.clue + '. ' + item.q }}\r\n            <\/p>\r\n        <\/div>\r\n    <\/div>\r\n\r\n<\/div>`                                                    \r\n                        };\r\n\r\n                        tuskcode_puzzle_data.push( tuskcode_puzzle_1 );                     \r\n                        \r\n                    <\/script>                     \r\n\r\n                    <div class='tuskcode_puzzle' \r\n                        id='tuskcode_puzzle_1'\r\n                        ref='tuskcode_puzzle_1'\r\n                       \r\n                    >\r\n                    <\/div>\r\n\r\n                    <input type='hidden' id='puzzle_front_action_view_solved' value='ac8b6314f6' name='puzzle_front_action_view_solved' \/>\r\n\r\n                    \n","protected":false},"excerpt":{"rendered":"","protected":false},"author":1,"featured_media":0,"parent":0,"menu_order":0,"comment_status":"closed","ping_status":"closed","template":"","meta":{"_uag_custom_page_level_css":"","footnotes":""},"class_list":["post-995","page","type-page","status-publish","hentry"],"yoast_head":"<!-- This site is optimized with the Yoast SEO plugin v27.4 - https:\/\/yoast.com\/product\/yoast-seo-wordpress\/ -->\n<title>CrossWord - Portfoolio Mariia Posvystak<\/title>\n<meta name=\"robots\" content=\"index, follow, max-snippet:-1, max-image-preview:large, max-video-preview:-1\" \/>\n<link rel=\"canonical\" href=\"https:\/\/mariiaposvystak24.thkit.ee\/wp\/crossword\/\" \/>\n<meta property=\"og:locale\" content=\"et_EE\" \/>\n<meta property=\"og:type\" content=\"article\" \/>\n<meta property=\"og:title\" content=\"CrossWord - Portfoolio Mariia Posvystak\" \/>\n<meta property=\"og:url\" content=\"https:\/\/mariiaposvystak24.thkit.ee\/wp\/crossword\/\" \/>\n<meta property=\"og:site_name\" content=\"Portfoolio Mariia Posvystak\" \/>\n<meta name=\"twitter:card\" content=\"summary_large_image\" \/>\n<meta name=\"twitter:label1\" content=\"Est. reading time\" \/>\n\t<meta name=\"twitter:data1\" content=\"1 minut\" \/>\n<script type=\"application\/ld+json\" class=\"yoast-schema-graph\">{\"@context\":\"https:\\\/\\\/schema.org\",\"@graph\":[{\"@type\":\"WebPage\",\"@id\":\"https:\\\/\\\/mariiaposvystak24.thkit.ee\\\/wp\\\/crossword\\\/\",\"url\":\"https:\\\/\\\/mariiaposvystak24.thkit.ee\\\/wp\\\/crossword\\\/\",\"name\":\"CrossWord - Portfoolio Mariia Posvystak\",\"isPartOf\":{\"@id\":\"https:\\\/\\\/mariiaposvystak24.thkit.ee\\\/wp\\\/#website\"},\"datePublished\":\"2026-01-05T13:34:46+00:00\",\"breadcrumb\":{\"@id\":\"https:\\\/\\\/mariiaposvystak24.thkit.ee\\\/wp\\\/crossword\\\/#breadcrumb\"},\"inLanguage\":\"et\",\"potentialAction\":[{\"@type\":\"ReadAction\",\"target\":[\"https:\\\/\\\/mariiaposvystak24.thkit.ee\\\/wp\\\/crossword\\\/\"]}]},{\"@type\":\"BreadcrumbList\",\"@id\":\"https:\\\/\\\/mariiaposvystak24.thkit.ee\\\/wp\\\/crossword\\\/#breadcrumb\",\"itemListElement\":[{\"@type\":\"ListItem\",\"position\":1,\"name\":\"Home\",\"item\":\"https:\\\/\\\/mariiaposvystak24.thkit.ee\\\/wp\\\/\"},{\"@type\":\"ListItem\",\"position\":2,\"name\":\"CrossWord\"}]},{\"@type\":\"WebSite\",\"@id\":\"https:\\\/\\\/mariiaposvystak24.thkit.ee\\\/wp\\\/#website\",\"url\":\"https:\\\/\\\/mariiaposvystak24.thkit.ee\\\/wp\\\/\",\"name\":\"Portfoolio Mariia Posvystak\",\"description\":\"Noorem tarkvaraarendaja\",\"publisher\":{\"@id\":\"https:\\\/\\\/mariiaposvystak24.thkit.ee\\\/wp\\\/#\\\/schema\\\/person\\\/9927ec37846ce78ee14ecf928e2e711f\"},\"potentialAction\":[{\"@type\":\"SearchAction\",\"target\":{\"@type\":\"EntryPoint\",\"urlTemplate\":\"https:\\\/\\\/mariiaposvystak24.thkit.ee\\\/wp\\\/?s={search_term_string}\"},\"query-input\":{\"@type\":\"PropertyValueSpecification\",\"valueRequired\":true,\"valueName\":\"search_term_string\"}}],\"inLanguage\":\"et\"},{\"@type\":[\"Person\",\"Organization\"],\"@id\":\"https:\\\/\\\/mariiaposvystak24.thkit.ee\\\/wp\\\/#\\\/schema\\\/person\\\/9927ec37846ce78ee14ecf928e2e711f\",\"name\":\"admin\",\"image\":{\"@type\":\"ImageObject\",\"inLanguage\":\"et\",\"@id\":\"https:\\\/\\\/mariiaposvystak24.thkit.ee\\\/wp\\\/wp-content\\\/uploads\\\/2025\\\/11\\\/cropped-icon.jpg\",\"url\":\"https:\\\/\\\/mariiaposvystak24.thkit.ee\\\/wp\\\/wp-content\\\/uploads\\\/2025\\\/11\\\/cropped-icon.jpg\",\"contentUrl\":\"https:\\\/\\\/mariiaposvystak24.thkit.ee\\\/wp\\\/wp-content\\\/uploads\\\/2025\\\/11\\\/cropped-icon.jpg\",\"width\":512,\"height\":512,\"caption\":\"admin\"},\"logo\":{\"@id\":\"https:\\\/\\\/mariiaposvystak24.thkit.ee\\\/wp\\\/wp-content\\\/uploads\\\/2025\\\/11\\\/cropped-icon.jpg\"},\"sameAs\":[\"https:\\\/\\\/mariiaposvystak24.thkit.ee\\\/wp\"]}]}<\/script>\n<!-- \/ Yoast SEO plugin. -->","yoast_head_json":{"title":"CrossWord - Portfoolio Mariia Posvystak","robots":{"index":"index","follow":"follow","max-snippet":"max-snippet:-1","max-image-preview":"max-image-preview:large","max-video-preview":"max-video-preview:-1"},"canonical":"https:\/\/mariiaposvystak24.thkit.ee\/wp\/crossword\/","og_locale":"et_EE","og_type":"article","og_title":"CrossWord - Portfoolio Mariia Posvystak","og_url":"https:\/\/mariiaposvystak24.thkit.ee\/wp\/crossword\/","og_site_name":"Portfoolio Mariia Posvystak","twitter_card":"summary_large_image","twitter_misc":{"Est. reading time":"1 minut"},"schema":{"@context":"https:\/\/schema.org","@graph":[{"@type":"WebPage","@id":"https:\/\/mariiaposvystak24.thkit.ee\/wp\/crossword\/","url":"https:\/\/mariiaposvystak24.thkit.ee\/wp\/crossword\/","name":"CrossWord - Portfoolio Mariia Posvystak","isPartOf":{"@id":"https:\/\/mariiaposvystak24.thkit.ee\/wp\/#website"},"datePublished":"2026-01-05T13:34:46+00:00","breadcrumb":{"@id":"https:\/\/mariiaposvystak24.thkit.ee\/wp\/crossword\/#breadcrumb"},"inLanguage":"et","potentialAction":[{"@type":"ReadAction","target":["https:\/\/mariiaposvystak24.thkit.ee\/wp\/crossword\/"]}]},{"@type":"BreadcrumbList","@id":"https:\/\/mariiaposvystak24.thkit.ee\/wp\/crossword\/#breadcrumb","itemListElement":[{"@type":"ListItem","position":1,"name":"Home","item":"https:\/\/mariiaposvystak24.thkit.ee\/wp\/"},{"@type":"ListItem","position":2,"name":"CrossWord"}]},{"@type":"WebSite","@id":"https:\/\/mariiaposvystak24.thkit.ee\/wp\/#website","url":"https:\/\/mariiaposvystak24.thkit.ee\/wp\/","name":"Portfoolio Mariia Posvystak","description":"Noorem tarkvaraarendaja","publisher":{"@id":"https:\/\/mariiaposvystak24.thkit.ee\/wp\/#\/schema\/person\/9927ec37846ce78ee14ecf928e2e711f"},"potentialAction":[{"@type":"SearchAction","target":{"@type":"EntryPoint","urlTemplate":"https:\/\/mariiaposvystak24.thkit.ee\/wp\/?s={search_term_string}"},"query-input":{"@type":"PropertyValueSpecification","valueRequired":true,"valueName":"search_term_string"}}],"inLanguage":"et"},{"@type":["Person","Organization"],"@id":"https:\/\/mariiaposvystak24.thkit.ee\/wp\/#\/schema\/person\/9927ec37846ce78ee14ecf928e2e711f","name":"admin","image":{"@type":"ImageObject","inLanguage":"et","@id":"https:\/\/mariiaposvystak24.thkit.ee\/wp\/wp-content\/uploads\/2025\/11\/cropped-icon.jpg","url":"https:\/\/mariiaposvystak24.thkit.ee\/wp\/wp-content\/uploads\/2025\/11\/cropped-icon.jpg","contentUrl":"https:\/\/mariiaposvystak24.thkit.ee\/wp\/wp-content\/uploads\/2025\/11\/cropped-icon.jpg","width":512,"height":512,"caption":"admin"},"logo":{"@id":"https:\/\/mariiaposvystak24.thkit.ee\/wp\/wp-content\/uploads\/2025\/11\/cropped-icon.jpg"},"sameAs":["https:\/\/mariiaposvystak24.thkit.ee\/wp"]}]}},"uagb_featured_image_src":{"full":false,"thumbnail":false,"medium":false,"medium_large":false,"large":false,"dictionary-thumbnail":false,"1536x1536":false,"2048x2048":false},"uagb_author_info":{"display_name":"admin","author_link":"https:\/\/mariiaposvystak24.thkit.ee\/wp\/blog\/author\/admin\/"},"uagb_comment_info":0,"uagb_excerpt":null,"_links":{"self":[{"href":"https:\/\/mariiaposvystak24.thkit.ee\/wp\/wp-json\/wp\/v2\/pages\/995","targetHints":{"allow":["GET"]}}],"collection":[{"href":"https:\/\/mariiaposvystak24.thkit.ee\/wp\/wp-json\/wp\/v2\/pages"}],"about":[{"href":"https:\/\/mariiaposvystak24.thkit.ee\/wp\/wp-json\/wp\/v2\/types\/page"}],"author":[{"embeddable":true,"href":"https:\/\/mariiaposvystak24.thkit.ee\/wp\/wp-json\/wp\/v2\/users\/1"}],"replies":[{"embeddable":true,"href":"https:\/\/mariiaposvystak24.thkit.ee\/wp\/wp-json\/wp\/v2\/comments?post=995"}],"version-history":[{"count":1,"href":"https:\/\/mariiaposvystak24.thkit.ee\/wp\/wp-json\/wp\/v2\/pages\/995\/revisions"}],"predecessor-version":[{"id":996,"href":"https:\/\/mariiaposvystak24.thkit.ee\/wp\/wp-json\/wp\/v2\/pages\/995\/revisions\/996"}],"wp:attachment":[{"href":"https:\/\/mariiaposvystak24.thkit.ee\/wp\/wp-json\/wp\/v2\/media?parent=995"}],"curies":[{"name":"wp","href":"https:\/\/api.w.org\/{rel}","templated":true}]}}