{"id":348,"date":"2025-03-07T13:08:57","date_gmt":"2025-03-07T11:08:57","guid":{"rendered":"https:\/\/com17699.wordpress.com\/?page_id=348"},"modified":"2025-03-07T13:08:57","modified_gmt":"2025-03-07T11:08:57","slug":"katse-2","status":"publish","type":"page","link":"https:\/\/mariiaposvystak24.thkit.ee\/wp\/katse-2\/","title":{"rendered":"Potentsiomeeter"},"content":{"rendered":"\n<p><\/p>\n\n\n\n<h2 class=\"wp-block-heading\"><strong>Potentsiomeetr<\/strong><\/h2>\n\n\n\n<h3 class=\"wp-block-heading\">Kasutatud komponeendid<\/h3>\n\n\n\n<ul class=\"wp-block-list\">\n<li>Adruino Uno R3 \u2013 1 <\/li>\n\n\n\n<li>Breadboard Small \u2013 1<\/li>\n\n\n\n<li>Potentsiomeetr -1<\/li>\n\n\n\n<li>LED (valge) &#8211; 1<\/li>\n\n\n\n<li>Takisti \u2013 1 <\/li>\n\n\n\n<li>Juhe \u2013 6<\/li>\n<\/ul>\n\n\n\n<h3 class=\"wp-block-heading\">\u00dchendamise skeem (www.tinkercad.com)<\/h3>\n\n\n\n<figure class=\"wp-block-image size-large\"><img loading=\"lazy\" decoding=\"async\" width=\"725\" height=\"453\" src=\"https:\/\/mariiaposvystak24.thkit.ee\/wp\/wp-content\/uploads\/2025\/04\/t725-1.png?w=725\" alt=\"\" class=\"wp-image-487\" srcset=\"https:\/\/mariiaposvystak24.thkit.ee\/wp\/wp-content\/uploads\/2025\/04\/t725-1.png 725w, https:\/\/mariiaposvystak24.thkit.ee\/wp\/wp-content\/uploads\/2025\/04\/t725-1-300x187.png 300w\" sizes=\"auto, (max-width: 725px) 100vw, 725px\" \/><\/figure>\n\n\n\n<p><a href=\"https:\/\/www.tinkercad.com\/things\/iBCWn4nJjvn-potentsiomeetr?sharecode=sP4AEjqJx6v2JmlK1Jc8CVZsf-MCkaD4cP8glRWXdl8\">https:\/\/www.tinkercad.com\/things\/iBCWn4nJjvn-potentsiomeetr?sharecode=sP4AEjqJx6v2JmlK1Jc8CVZsf-MCkaD4cP8glRWXdl8<\/a><\/p>\n\n\n\n<h3 class=\"wp-block-heading\">Programm\/kood kommentaridega<\/h3>\n\n\n\n<pre class=\"wp-block-syntaxhighlighter-code\">int sensorPin = 0;    \t  \n\nint ledPin = 13;                           \t\t\t  \n\nint sensorValue = 0;  \t\t\t\t\t  \n\nvoid setup()\n\n{       \n\n  pinMode(ledPin, OUTPUT);  \n\n  Serial.begin(9600);\n\n}\n\nvoid loop() {          \t\t\t\t\t   \n\n  sensorValue = analogRead(sensorPin); \/\/   loeb analoog sisendi v\u00e4\u00e4rtust ja saadab tagasi t\u00e4isarvu vahemikus 0 kuni 1023. See t\u00e4hendab 10 bitilist t\u00e4psust (2^10 = 1024).\t\t  \n\n  digitalWrite(ledPin, HIGH);         \n\n  delay(sensorValue);                 \n\n  digitalWrite(ledPin, LOW);              \n\n  delay(sensorValue);  \n\n  float voltage = sensorValue * (5.0 \/ 1023.0); \/\/ konverteerime v\u00e4\u00e4rtuse (0 - 1023)  ja tagastab (0 - 5V):\n\n  Serial.println(voltage);   \/\/ Saadud tulemused kirjutame Serial Monitori.         \n\n}<\/pre>\n\n\n\n<hr class=\"wp-block-separator has-alpha-channel-opacity\" \/>\n\n\n\n<h2 class=\"wp-block-heading\"><strong>Valguskett<\/strong><\/h2>\n\n\n\n<h3 class=\"wp-block-heading\">T\u00f6\u00f6 kirjeldus<\/h3>\n\n\n\n<p>Valgusketi moodustavad 9 LED-i. Potentsiomeetri abil saab l\u00fclitada erinevaid re\u017eiime:<\/p>\n\n\n\n<ol class=\"wp-block-list\">\n<li>K\u00f5ikide LED-ide vilkumine.<\/li>\n\n\n\n<li>J\u00e4rjekordne sissel\u00fclitamine.<\/li>\n\n\n\n<li>Vilkumine v\u00e4rvide kaupa.<\/li>\n\n\n\n<li>Juhuslik vilkumine.<\/li>\n\n\n\n<li>Lainefekt.<\/li>\n<\/ol>\n\n\n\n<h3 class=\"wp-block-heading\">Kasutatud komponeendid<\/h3>\n\n\n\n<ul class=\"wp-block-list\">\n<li>Adruino Uno R3 \u2013 1 <\/li>\n\n\n\n<li>Breadboard Small \u2013 1<\/li>\n\n\n\n<li>Potentsiomeetr -1<\/li>\n\n\n\n<li>LED &#8211; 9 (valge, kollane, oran\u017e, punane ja roheline)<\/li>\n\n\n\n<li>Takisti \u2013 9<\/li>\n\n\n\n<li>Juhe \u2013 14<\/li>\n<\/ul>\n\n\n\n<h3 class=\"wp-block-heading\">T\u00f6\u00f6 protsess<\/h3>\n\n\n\n<p>Kood laaditakse Arduino peale. See loeb potentsiomeetri asendit ja aktiveerib vastavalt selle v\u00e4\u00e4rtusele \u00fche viiest valgusefektist.<\/p>\n\n\n\n<p>Potentsiomeetri keeramine muudab LED-ide t\u00f6\u00f6re\u017eiimi:<\/p>\n\n\n\n<ul class=\"wp-block-list\">\n<li>K\u00f5ik LED-id vilguvad korraga iga 0,5 sekundi j\u00e4rel.<\/li>\n\n\n\n<li>LED-id l\u00fclituvad sisse ja v\u00e4lja j\u00e4rjekorras 0,2-sekundilise viivitusega.<\/li>\n\n\n\n<li>LED-id vilguvad v\u00e4rvigruppide kaupa (n\u00e4iteks esmalt esimesed kolm, seej\u00e4rel j\u00e4rgmised kolm).<\/li>\n\n\n\n<li>LED-id l\u00fclituvad sisse ja v\u00e4lja juhuslikus j\u00e4rjekorras erinevate viivitustega.<\/li>\n\n\n\n<li>LED-id l\u00fclituvad sisse j\u00e4rjekorras \u00fches suunas ja seej\u00e4rel vastupidises suunas, luues lainefekti.<\/li>\n<\/ul>\n\n\n\n<h3 class=\"wp-block-heading\">\u00dchendamise skeem (www.tinkercad.com)<\/h3>\n\n\n\n<figure class=\"wp-block-image size-large\"><img loading=\"lazy\" decoding=\"async\" width=\"725\" height=\"453\" src=\"https:\/\/mariiaposvystak24.thkit.ee\/wp\/wp-content\/uploads\/2025\/04\/t725-2.png?w=725\" alt=\"\" class=\"wp-image-490\" srcset=\"https:\/\/mariiaposvystak24.thkit.ee\/wp\/wp-content\/uploads\/2025\/04\/t725-2.png 725w, https:\/\/mariiaposvystak24.thkit.ee\/wp\/wp-content\/uploads\/2025\/04\/t725-2-300x187.png 300w\" sizes=\"auto, (max-width: 725px) 100vw, 725px\" \/><\/figure>\n\n\n\n<p><a href=\"https:\/\/www.tinkercad.com\/things\/kDyDJJV3K3f-valguskett?sharecode=3qRWGNAJOAzbX38-qijhFaW8zcBrhiB69S0UG9E7hc8\">https:\/\/www.tinkercad.com\/things\/kDyDJJV3K3f-valguskett?sharecode=3qRWGNAJOAzbX38-qijhFaW8zcBrhiB69S0UG9E7hc8<\/a><\/p>\n\n\n\n<h3 class=\"wp-block-heading\">Programm\/kood kommentaridega<\/h3>\n\n\n\n<pre class=\"wp-block-syntaxhighlighter-code\">int sensorPin = 0;\nint ledPin[] = {5, 6, 7, 8, 9, 10, 11, 12, 13};\nint sensorValue = 0;\nint arrayLength = sizeof(ledPin) \/ sizeof(ledPin[0]);\nint potPin = A0; \n\nvoid setup() {\n\n  for (int i = 0; i &lt; 9; i++) {\n    pinMode(ledPin[i], OUTPUT);\n  }\n  Serial.begin(9600);\n}\n\nvoid loop() {\n\n  int potValue = analogRead(potPin);\n \n  int mode = map(potValue, 0, 1023, 0, 4);\n\n  Serial.println(mode);\n\n  switch (mode) {\n    case 0:\n      allBlink();\n      break;\n    case 1:\n      sequentialBlink(); \n      break;\n    case 2:\n      colorBlink();\n      break;\n    case 3:\n      randomFlicker();\n      break;\n    case 4:\n      chaseEffect();\n      break;\n  }\n}\n\nvoid allBlink() {\n  for (int i = 0; i &lt; arrayLength; i++) {\n    digitalWrite(ledPin[i], HIGH);\n  }\n  delay(500);\n  for (int i = 0; i &lt; arrayLength; i++) {\n    digitalWrite(ledPin[i], LOW);\n  }\n  delay(500);\n}\n\nvoid sequentialBlink() {\n  for (int i = 0; i &lt; arrayLength; i++) {\n    digitalWrite(ledPin[i], HIGH);\n    delay(200);\n    digitalWrite(ledPin[i], LOW);\n  }\n}\n\nvoid colorBlink() {\n  for (int i = 0; i &lt; 3; i++) {\n    digitalWrite(ledPin[i], HIGH);\n  }\n  delay(500);\n  for (int i = 0; i &lt; 3; i++) {\n    digitalWrite(ledPin[i], LOW);\n  }\n  delay(500);\n\n  for (int i = 3; i &lt; 6; i++) {\n    digitalWrite(ledPin[i], HIGH);\n  }\n  delay(500);\n  for (int i = 3; i &lt; 6; i++) {\n    digitalWrite(ledPin[i], LOW);\n  }\n  delay(500);\n\n  for (int i = 6; i &lt; 9; i++) {\n    digitalWrite(ledPin[i], HIGH);\n  }\n  delay(500);\n  for (int i = 6; i &lt; 9; i++) {\n    digitalWrite(ledPin[i], LOW);\n  }\n  delay(500);\n}\n\nvoid randomFlicker() {\n  for (int i = 0; i &lt; arrayLength; i++) {\n    digitalWrite(ledPin[i], HIGH);\n    delay(random(10, 100));\n    digitalWrite(ledPin[i], LOW);\n    delay(random(10, 50));\n  }\n}\n\n\nvoid chaseEffect() {\n  for (int i = 0; i &lt; arrayLength; i++) {\n    digitalWrite(ledPin[i], HIGH);\n    delay(100);\n    digitalWrite(ledPin[i], LOW);\n  }\n\n  for (int i = arrayLength - 1; i &gt;= 0; i--) {\n    digitalWrite(ledPin[i], HIGH);\n    delay(100);\n    digitalWrite(ledPin[i], LOW);\n  }\n}\n<\/pre>\n\n\n\n<h3 class=\"wp-block-heading\">Video<\/h3>\n\n\n\n<p><a href=\"https:\/\/drive.google.com\/file\/d\/1sebJRz5dXV6h2e2FxTfSoyuJ1_HUpopd\/view?usp=sharing\">https:\/\/drive.google.com\/file\/d\/1sebJRz5dXV6h2e2FxTfSoyuJ1_HUpopd\/view?usp=sharing<\/a><\/p>\n\n\n\n<p>Video n\u00e4itab skeemi t\u00f6\u00f6d ja re\u017eiimide vahetamist potentsiomeetri abil.<\/p>\n\n\n\n<h3 class=\"wp-block-heading\">Kasutamisv\u00f5imalused tavaelus.<\/h3>\n\n\n\n<ol class=\"wp-block-list\">\n<li><strong>Dekoratiivne valgustus<\/strong> \u2013 kodu, p\u00fchade v\u00f5i pidude kaunistamine.<\/li>\n\n\n\n<li><strong>Signaals\u00fcsteemid<\/strong> \u2013 oleku n\u00e4itamiseks (nt nutiseadmetes).<\/li>\n\n\n\n<li><strong>M\u00e4nguasjad ja vidinad<\/strong> \u2013 lastele m\u00f5eldud valgustatud m\u00e4nguasjad.<\/li>\n\n\n\n<li><strong>Reklaam<\/strong> \u2013 vilkuv reklaam, mis t\u00f5mbab rohkem t\u00e4helepanu.<\/li>\n<\/ol>\n","protected":false},"excerpt":{"rendered":"<p>Potentsiomeetr Kasutatud komponeendid \u00dchendamise skeem (www.tinkercad.com) https:\/\/www.tinkercad.com\/things\/iBCWn4nJjvn-potentsiomeetr?sharecode=sP4AEjqJx6v2JmlK1Jc8CVZsf-MCkaD4cP8glRWXdl8 Programm\/kood kommentaridega Valguskett T\u00f6\u00f6 kirjeldus Valgusketi moodustavad 9 LED-i. Potentsiomeetri abil saab l\u00fclitada erinevaid re\u017eiime: Kasutatud komponeendid T\u00f6\u00f6 protsess Kood laaditakse Arduino peale. See loeb potentsiomeetri asendit ja aktiveerib vastavalt selle v\u00e4\u00e4rtusele \u00fche viiest valgusefektist. Potentsiomeetri keeramine muudab LED-ide t\u00f6\u00f6re\u017eiimi: \u00dchendamise skeem (www.tinkercad.com) https:\/\/www.tinkercad.com\/things\/kDyDJJV3K3f-valguskett?sharecode=3qRWGNAJOAzbX38-qijhFaW8zcBrhiB69S0UG9E7hc8 Programm\/kood kommentaridega Video https:\/\/drive.google.com\/file\/d\/1sebJRz5dXV6h2e2FxTfSoyuJ1_HUpopd\/view?usp=sharing [&hellip;]<\/p>\n","protected":false},"author":1,"featured_media":0,"parent":0,"menu_order":0,"comment_status":"closed","ping_status":"closed","template":"%d0%b2%d0%bb%d0%b0%d1%81%d0%bd%d0%b8%d0%b8-%d1%88%d0%b0%d0%b1%d0%bb%d0%be%d0%bd-2","meta":{"_uag_custom_page_level_css":"","footnotes":""},"class_list":["post-348","page","type-page","status-publish","hentry"],"yoast_head":"<!-- This site is optimized with the Yoast SEO plugin v27.4 - https:\/\/yoast.com\/product\/yoast-seo-wordpress\/ -->\n<title>Potentsiomeeter - Portfoolio Mariia Posvystak<\/title>\n<meta name=\"robots\" content=\"index, follow, max-snippet:-1, max-image-preview:large, max-video-preview:-1\" \/>\n<link rel=\"canonical\" href=\"https:\/\/mariiaposvystak24.thkit.ee\/wp\/katse-2\/\" \/>\n<meta property=\"og:locale\" content=\"et_EE\" \/>\n<meta property=\"og:type\" content=\"article\" \/>\n<meta property=\"og:title\" content=\"Potentsiomeeter - Portfoolio Mariia Posvystak\" \/>\n<meta property=\"og:description\" content=\"Potentsiomeetr Kasutatud komponeendid \u00dchendamise skeem (www.tinkercad.com) https:\/\/www.tinkercad.com\/things\/iBCWn4nJjvn-potentsiomeetr?sharecode=sP4AEjqJx6v2JmlK1Jc8CVZsf-MCkaD4cP8glRWXdl8 Programm\/kood kommentaridega Valguskett T\u00f6\u00f6 kirjeldus Valgusketi moodustavad 9 LED-i. Potentsiomeetri abil saab l\u00fclitada erinevaid re\u017eiime: Kasutatud komponeendid T\u00f6\u00f6 protsess Kood laaditakse Arduino peale. See loeb potentsiomeetri asendit ja aktiveerib vastavalt selle v\u00e4\u00e4rtusele \u00fche viiest valgusefektist. Potentsiomeetri keeramine muudab LED-ide t\u00f6\u00f6re\u017eiimi: \u00dchendamise skeem (www.tinkercad.com) https:\/\/www.tinkercad.com\/things\/kDyDJJV3K3f-valguskett?sharecode=3qRWGNAJOAzbX38-qijhFaW8zcBrhiB69S0UG9E7hc8 Programm\/kood kommentaridega Video https:\/\/drive.google.com\/file\/d\/1sebJRz5dXV6h2e2FxTfSoyuJ1_HUpopd\/view?usp=sharing [&hellip;]\" \/>\n<meta property=\"og:url\" content=\"https:\/\/mariiaposvystak24.thkit.ee\/wp\/katse-2\/\" \/>\n<meta property=\"og:site_name\" content=\"Portfoolio Mariia Posvystak\" \/>\n<meta property=\"og:image\" content=\"https:\/\/mariiaposvystak24.thkit.ee\/wp\/wp-content\/uploads\/2025\/04\/t725-1.png\" \/>\n\t<meta property=\"og:image:width\" content=\"725\" \/>\n\t<meta property=\"og:image:height\" content=\"453\" \/>\n\t<meta property=\"og:image:type\" content=\"image\/png\" \/>\n<meta name=\"twitter:card\" content=\"summary_large_image\" \/>\n<meta name=\"twitter:label1\" content=\"Est. reading time\" \/>\n\t<meta name=\"twitter:data1\" content=\"3 minutit\" \/>\n<script type=\"application\/ld+json\" class=\"yoast-schema-graph\">{\"@context\":\"https:\\\/\\\/schema.org\",\"@graph\":[{\"@type\":\"WebPage\",\"@id\":\"https:\\\/\\\/mariiaposvystak24.thkit.ee\\\/wp\\\/katse-2\\\/\",\"url\":\"https:\\\/\\\/mariiaposvystak24.thkit.ee\\\/wp\\\/katse-2\\\/\",\"name\":\"Potentsiomeeter - Portfoolio Mariia Posvystak\",\"isPartOf\":{\"@id\":\"https:\\\/\\\/mariiaposvystak24.thkit.ee\\\/wp\\\/#website\"},\"primaryImageOfPage\":{\"@id\":\"https:\\\/\\\/mariiaposvystak24.thkit.ee\\\/wp\\\/katse-2\\\/#primaryimage\"},\"image\":{\"@id\":\"https:\\\/\\\/mariiaposvystak24.thkit.ee\\\/wp\\\/katse-2\\\/#primaryimage\"},\"thumbnailUrl\":\"https:\\\/\\\/mariiaposvystak24.thkit.ee\\\/wp\\\/wp-content\\\/uploads\\\/2025\\\/04\\\/t725-1.png?w=725\",\"datePublished\":\"2025-03-07T11:08:57+00:00\",\"breadcrumb\":{\"@id\":\"https:\\\/\\\/mariiaposvystak24.thkit.ee\\\/wp\\\/katse-2\\\/#breadcrumb\"},\"inLanguage\":\"et\",\"potentialAction\":[{\"@type\":\"ReadAction\",\"target\":[\"https:\\\/\\\/mariiaposvystak24.thkit.ee\\\/wp\\\/katse-2\\\/\"]}]},{\"@type\":\"ImageObject\",\"inLanguage\":\"et\",\"@id\":\"https:\\\/\\\/mariiaposvystak24.thkit.ee\\\/wp\\\/katse-2\\\/#primaryimage\",\"url\":\"https:\\\/\\\/mariiaposvystak24.thkit.ee\\\/wp\\\/wp-content\\\/uploads\\\/2025\\\/04\\\/t725-1.png\",\"contentUrl\":\"https:\\\/\\\/mariiaposvystak24.thkit.ee\\\/wp\\\/wp-content\\\/uploads\\\/2025\\\/04\\\/t725-1.png\",\"width\":725,\"height\":453},{\"@type\":\"BreadcrumbList\",\"@id\":\"https:\\\/\\\/mariiaposvystak24.thkit.ee\\\/wp\\\/katse-2\\\/#breadcrumb\",\"itemListElement\":[{\"@type\":\"ListItem\",\"position\":1,\"name\":\"Home\",\"item\":\"https:\\\/\\\/mariiaposvystak24.thkit.ee\\\/wp\\\/\"},{\"@type\":\"ListItem\",\"position\":2,\"name\":\"Potentsiomeeter\"}]},{\"@type\":\"WebSite\",\"@id\":\"https:\\\/\\\/mariiaposvystak24.thkit.ee\\\/wp\\\/#website\",\"url\":\"https:\\\/\\\/mariiaposvystak24.thkit.ee\\\/wp\\\/\",\"name\":\"Portfoolio Mariia Posvystak\",\"description\":\"Noorem tarkvaraarendaja\",\"publisher\":{\"@id\":\"https:\\\/\\\/mariiaposvystak24.thkit.ee\\\/wp\\\/#\\\/schema\\\/person\\\/9927ec37846ce78ee14ecf928e2e711f\"},\"potentialAction\":[{\"@type\":\"SearchAction\",\"target\":{\"@type\":\"EntryPoint\",\"urlTemplate\":\"https:\\\/\\\/mariiaposvystak24.thkit.ee\\\/wp\\\/?s={search_term_string}\"},\"query-input\":{\"@type\":\"PropertyValueSpecification\",\"valueRequired\":true,\"valueName\":\"search_term_string\"}}],\"inLanguage\":\"et\"},{\"@type\":[\"Person\",\"Organization\"],\"@id\":\"https:\\\/\\\/mariiaposvystak24.thkit.ee\\\/wp\\\/#\\\/schema\\\/person\\\/9927ec37846ce78ee14ecf928e2e711f\",\"name\":\"admin\",\"image\":{\"@type\":\"ImageObject\",\"inLanguage\":\"et\",\"@id\":\"https:\\\/\\\/mariiaposvystak24.thkit.ee\\\/wp\\\/wp-content\\\/uploads\\\/2025\\\/11\\\/cropped-icon.jpg\",\"url\":\"https:\\\/\\\/mariiaposvystak24.thkit.ee\\\/wp\\\/wp-content\\\/uploads\\\/2025\\\/11\\\/cropped-icon.jpg\",\"contentUrl\":\"https:\\\/\\\/mariiaposvystak24.thkit.ee\\\/wp\\\/wp-content\\\/uploads\\\/2025\\\/11\\\/cropped-icon.jpg\",\"width\":512,\"height\":512,\"caption\":\"admin\"},\"logo\":{\"@id\":\"https:\\\/\\\/mariiaposvystak24.thkit.ee\\\/wp\\\/wp-content\\\/uploads\\\/2025\\\/11\\\/cropped-icon.jpg\"},\"sameAs\":[\"https:\\\/\\\/mariiaposvystak24.thkit.ee\\\/wp\"]}]}<\/script>\n<!-- \/ Yoast SEO plugin. -->","yoast_head_json":{"title":"Potentsiomeeter - Portfoolio Mariia Posvystak","robots":{"index":"index","follow":"follow","max-snippet":"max-snippet:-1","max-image-preview":"max-image-preview:large","max-video-preview":"max-video-preview:-1"},"canonical":"https:\/\/mariiaposvystak24.thkit.ee\/wp\/katse-2\/","og_locale":"et_EE","og_type":"article","og_title":"Potentsiomeeter - Portfoolio Mariia Posvystak","og_description":"Potentsiomeetr Kasutatud komponeendid \u00dchendamise skeem (www.tinkercad.com) https:\/\/www.tinkercad.com\/things\/iBCWn4nJjvn-potentsiomeetr?sharecode=sP4AEjqJx6v2JmlK1Jc8CVZsf-MCkaD4cP8glRWXdl8 Programm\/kood kommentaridega Valguskett T\u00f6\u00f6 kirjeldus Valgusketi moodustavad 9 LED-i. Potentsiomeetri abil saab l\u00fclitada erinevaid re\u017eiime: Kasutatud komponeendid T\u00f6\u00f6 protsess Kood laaditakse Arduino peale. See loeb potentsiomeetri asendit ja aktiveerib vastavalt selle v\u00e4\u00e4rtusele \u00fche viiest valgusefektist. Potentsiomeetri keeramine muudab LED-ide t\u00f6\u00f6re\u017eiimi: \u00dchendamise skeem (www.tinkercad.com) https:\/\/www.tinkercad.com\/things\/kDyDJJV3K3f-valguskett?sharecode=3qRWGNAJOAzbX38-qijhFaW8zcBrhiB69S0UG9E7hc8 Programm\/kood kommentaridega Video https:\/\/drive.google.com\/file\/d\/1sebJRz5dXV6h2e2FxTfSoyuJ1_HUpopd\/view?usp=sharing [&hellip;]","og_url":"https:\/\/mariiaposvystak24.thkit.ee\/wp\/katse-2\/","og_site_name":"Portfoolio Mariia Posvystak","og_image":[{"width":725,"height":453,"url":"https:\/\/mariiaposvystak24.thkit.ee\/wp\/wp-content\/uploads\/2025\/04\/t725-1.png","type":"image\/png"}],"twitter_card":"summary_large_image","twitter_misc":{"Est. reading time":"3 minutit"},"schema":{"@context":"https:\/\/schema.org","@graph":[{"@type":"WebPage","@id":"https:\/\/mariiaposvystak24.thkit.ee\/wp\/katse-2\/","url":"https:\/\/mariiaposvystak24.thkit.ee\/wp\/katse-2\/","name":"Potentsiomeeter - Portfoolio Mariia Posvystak","isPartOf":{"@id":"https:\/\/mariiaposvystak24.thkit.ee\/wp\/#website"},"primaryImageOfPage":{"@id":"https:\/\/mariiaposvystak24.thkit.ee\/wp\/katse-2\/#primaryimage"},"image":{"@id":"https:\/\/mariiaposvystak24.thkit.ee\/wp\/katse-2\/#primaryimage"},"thumbnailUrl":"https:\/\/mariiaposvystak24.thkit.ee\/wp\/wp-content\/uploads\/2025\/04\/t725-1.png?w=725","datePublished":"2025-03-07T11:08:57+00:00","breadcrumb":{"@id":"https:\/\/mariiaposvystak24.thkit.ee\/wp\/katse-2\/#breadcrumb"},"inLanguage":"et","potentialAction":[{"@type":"ReadAction","target":["https:\/\/mariiaposvystak24.thkit.ee\/wp\/katse-2\/"]}]},{"@type":"ImageObject","inLanguage":"et","@id":"https:\/\/mariiaposvystak24.thkit.ee\/wp\/katse-2\/#primaryimage","url":"https:\/\/mariiaposvystak24.thkit.ee\/wp\/wp-content\/uploads\/2025\/04\/t725-1.png","contentUrl":"https:\/\/mariiaposvystak24.thkit.ee\/wp\/wp-content\/uploads\/2025\/04\/t725-1.png","width":725,"height":453},{"@type":"BreadcrumbList","@id":"https:\/\/mariiaposvystak24.thkit.ee\/wp\/katse-2\/#breadcrumb","itemListElement":[{"@type":"ListItem","position":1,"name":"Home","item":"https:\/\/mariiaposvystak24.thkit.ee\/wp\/"},{"@type":"ListItem","position":2,"name":"Potentsiomeeter"}]},{"@type":"WebSite","@id":"https:\/\/mariiaposvystak24.thkit.ee\/wp\/#website","url":"https:\/\/mariiaposvystak24.thkit.ee\/wp\/","name":"Portfoolio Mariia Posvystak","description":"Noorem tarkvaraarendaja","publisher":{"@id":"https:\/\/mariiaposvystak24.thkit.ee\/wp\/#\/schema\/person\/9927ec37846ce78ee14ecf928e2e711f"},"potentialAction":[{"@type":"SearchAction","target":{"@type":"EntryPoint","urlTemplate":"https:\/\/mariiaposvystak24.thkit.ee\/wp\/?s={search_term_string}"},"query-input":{"@type":"PropertyValueSpecification","valueRequired":true,"valueName":"search_term_string"}}],"inLanguage":"et"},{"@type":["Person","Organization"],"@id":"https:\/\/mariiaposvystak24.thkit.ee\/wp\/#\/schema\/person\/9927ec37846ce78ee14ecf928e2e711f","name":"admin","image":{"@type":"ImageObject","inLanguage":"et","@id":"https:\/\/mariiaposvystak24.thkit.ee\/wp\/wp-content\/uploads\/2025\/11\/cropped-icon.jpg","url":"https:\/\/mariiaposvystak24.thkit.ee\/wp\/wp-content\/uploads\/2025\/11\/cropped-icon.jpg","contentUrl":"https:\/\/mariiaposvystak24.thkit.ee\/wp\/wp-content\/uploads\/2025\/11\/cropped-icon.jpg","width":512,"height":512,"caption":"admin"},"logo":{"@id":"https:\/\/mariiaposvystak24.thkit.ee\/wp\/wp-content\/uploads\/2025\/11\/cropped-icon.jpg"},"sameAs":["https:\/\/mariiaposvystak24.thkit.ee\/wp"]}]}},"uagb_featured_image_src":{"full":false,"thumbnail":false,"medium":false,"medium_large":false,"large":false,"dictionary-thumbnail":false,"1536x1536":false,"2048x2048":false},"uagb_author_info":{"display_name":"admin","author_link":"https:\/\/mariiaposvystak24.thkit.ee\/wp\/blog\/author\/admin\/"},"uagb_comment_info":0,"uagb_excerpt":"Potentsiomeetr Kasutatud komponeendid \u00dchendamise skeem (www.tinkercad.com) https:\/\/www.tinkercad.com\/things\/iBCWn4nJjvn-potentsiomeetr?sharecode=sP4AEjqJx6v2JmlK1Jc8CVZsf-MCkaD4cP8glRWXdl8 Programm\/kood kommentaridega Valguskett T\u00f6\u00f6 kirjeldus Valgusketi moodustavad 9 LED-i. Potentsiomeetri abil saab l\u00fclitada erinevaid re\u017eiime: Kasutatud komponeendid T\u00f6\u00f6 protsess Kood laaditakse Arduino peale. See loeb potentsiomeetri asendit ja aktiveerib vastavalt selle v\u00e4\u00e4rtusele \u00fche viiest valgusefektist. Potentsiomeetri keeramine muudab LED-ide t\u00f6\u00f6re\u017eiimi: \u00dchendamise skeem (www.tinkercad.com) https:\/\/www.tinkercad.com\/things\/kDyDJJV3K3f-valguskett?sharecode=3qRWGNAJOAzbX38-qijhFaW8zcBrhiB69S0UG9E7hc8 Programm\/kood kommentaridega Video https:\/\/drive.google.com\/file\/d\/1sebJRz5dXV6h2e2FxTfSoyuJ1_HUpopd\/view?usp=sharing&hellip;","_links":{"self":[{"href":"https:\/\/mariiaposvystak24.thkit.ee\/wp\/wp-json\/wp\/v2\/pages\/348","targetHints":{"allow":["GET"]}}],"collection":[{"href":"https:\/\/mariiaposvystak24.thkit.ee\/wp\/wp-json\/wp\/v2\/pages"}],"about":[{"href":"https:\/\/mariiaposvystak24.thkit.ee\/wp\/wp-json\/wp\/v2\/types\/page"}],"author":[{"embeddable":true,"href":"https:\/\/mariiaposvystak24.thkit.ee\/wp\/wp-json\/wp\/v2\/users\/1"}],"replies":[{"embeddable":true,"href":"https:\/\/mariiaposvystak24.thkit.ee\/wp\/wp-json\/wp\/v2\/comments?post=348"}],"version-history":[{"count":0,"href":"https:\/\/mariiaposvystak24.thkit.ee\/wp\/wp-json\/wp\/v2\/pages\/348\/revisions"}],"wp:attachment":[{"href":"https:\/\/mariiaposvystak24.thkit.ee\/wp\/wp-json\/wp\/v2\/media?parent=348"}],"curies":[{"name":"wp","href":"https:\/\/api.w.org\/{rel}","templated":true}]}}