{"id":994,"date":"2025-11-05T22:23:45","date_gmt":"2025-11-05T22:23:45","guid":{"rendered":"https:\/\/mariiaposvystak24.thkit.ee\/wp\/eng\/?page_id=994"},"modified":"2025-11-05T22:23:45","modified_gmt":"2025-11-05T22:23:45","slug":"plugin-my-choice","status":"publish","type":"page","link":"https:\/\/mariiaposvystak24.thkit.ee\/wp\/eng\/plugin-my-choice\/","title":{"rendered":"plugin. My choice"},"content":{"rendered":"\n<p>Ma valikud plugin <strong>Yoast SEO<\/strong><\/p>\n\n\n\n<p>L\u00fchidalt pluginist:<br>Yaost SEO suurendab veebisaidi n\u00e4htavust ja parandab veebisaidi optimeerimist. Siin on m\u00f5ned olulised aspektid:<\/p>\n\n\n\n<ul class=\"wp-block-list\">\n<li><strong>Tehniline SEO<\/strong>: laadimiskiiruse, mobiilseadmete kohandatavuse, veebisaidi struktuuri ja veebisaidi kaardi optimeerimine.<\/li>\n\n\n\n<li><strong>Sisu SEO<\/strong>: kvaliteetse, asjakohase ja unikaalse sisu loomine, kasutades \u00f5igesti m\u00e4rks\u00f5nu.<\/li>\n\n\n\n<li><strong>On-page SEO<\/strong>: meta-tagide, pealkirjade, URL-ide, piltide alt-tagide ja sisemiste linkide seadistamine.<\/li>\n\n\n\n<li><strong>Off-page SEO<\/strong>: v\u00e4liste linkide (linkbuilding) arvu suurendamine, br\u00e4ndi mainimine ja aktiivsus sotsiaalmeedias.<\/li>\n\n\n\n<li><strong>UX ja k\u00e4itumuslikud tegurid<\/strong>: navigeerimise mugavus, loetavus, teksti struktuur ja kasutajate kaasatus.<\/li>\n<\/ul>\n\n\n\n<h3 class=\"wp-block-heading\">Juhend samm-sammult<\/h3>\n\n\n\n<p>P\u00e4rast plagi aktiveerimist ilmub aknas seadistused.<br><strong>General<\/strong>is seadistatakse juurdep\u00e4\u00e4s Yoastile ja millisele veebilehele seadistused rakenduvad.<\/p>\n\n\n\n<figure class=\"wp-block-image size-large\"><img decoding=\"async\" src=\"https:\/\/mariiaposvystak24.thkit.ee\/wp\/wp-content\/uploads\/2025\/11\/image-1-1024x566.png\" alt=\"\" class=\"wp-image-951\"\/><\/figure>\n\n\n\n<p><strong>Features<\/strong>-is seadistatakse, milliseid funktsioone SEO kasutab. Vaikimisi on k\u00f5ik pistikprogrammi v\u00f5imalused sisse l\u00fclitatud ja iga veebisaidi administraator saab ise otsustada, mida ta vajab. Aga kui te l\u00fclitate siin \u2013 selles vahekaardis \u2013 m\u00f5ne funktsiooni v\u00e4lja, siis muutub see k\u00f5ikidel veebisaitidel k\u00e4ttesaamatuks. Administraatorid ei saa seda enam ise sisse l\u00fclitada.<\/p>\n\n\n\n<p><strong>Integrations<\/strong>-is seadistatakse \u00fchendused teiste teenustega.<\/p>\n\n\n\n<p><strong>Crawl settings<\/strong>-is saab seadistada erinevaid viiteid, kommentaare erinevate liikide all, kanaleid.<\/p>\n\n\n\n<p><strong>Restore Site<\/strong>-is saab t\u00fchistada k\u00f5ik SEO-seaded.<\/p>\n\n\n\n<p>Esmalt l\u00e4bisin esmakordse konfiguratsiooni (Site &#8211;&gt; Yoast SEO &#8211;&gt; General &#8211;&gt; First-time configuration).<\/p>\n\n\n\n<p>1. samm:<\/p>\n\n\n\n<figure class=\"wp-block-image size-large is-resized\"><img decoding=\"async\" src=\"https:\/\/mariiaposvystak24.thkit.ee\/wp\/wp-content\/uploads\/2025\/11\/image-3-1024x532.png\" alt=\"\" class=\"wp-image-953\" style=\"width:1200px;height:auto\"\/><\/figure>\n\n\n\n<p>2. samm:<\/p>\n\n\n\n<figure class=\"wp-block-image size-large\"><img decoding=\"async\" src=\"https:\/\/mariiaposvystak24.thkit.ee\/wp\/wp-content\/uploads\/2025\/11\/image-5-1024x803.png\" alt=\"\" class=\"wp-image-955\"\/><\/figure>\n\n\n\n<p>3. samm:<\/p>\n\n\n\n<figure class=\"wp-block-image size-full\"><img decoding=\"async\" src=\"https:\/\/mariiaposvystak24.thkit.ee\/wp\/wp-content\/uploads\/2025\/11\/image-6.png\" alt=\"\" class=\"wp-image-956\"\/><\/figure>\n\n\n\n<p>4. samm:<\/p>\n\n\n\n<figure class=\"wp-block-image size-large\"><img decoding=\"async\" src=\"https:\/\/mariiaposvystak24.thkit.ee\/wp\/wp-content\/uploads\/2025\/11\/image-7-1024x626.png\" alt=\"\" class=\"wp-image-957\"\/><\/figure>\n\n\n\n<p>5. samm:<\/p>\n\n\n\n<figure class=\"wp-block-image size-large\"><img decoding=\"async\" src=\"https:\/\/mariiaposvystak24.thkit.ee\/wp\/wp-content\/uploads\/2025\/11\/image-8-1024x333.png\" alt=\"\" class=\"wp-image-958\"\/><\/figure>\n\n\n\n<p>P\u00e4rast p\u00f5hiv\u00f5rgu\u00fchenduse loomist avaneb veebisaidi statistika, mida saab vaadata (Yoast SEO &#8211;&gt; General &#8211;&gt; Dashboard).<\/p>\n\n\n\n<figure class=\"wp-block-image size-full\"><img decoding=\"async\" src=\"https:\/\/mariiaposvystak24.thkit.ee\/wp\/wp-content\/uploads\/2025\/11\/image-9.png\" alt=\"\" class=\"wp-image-959\"\/><\/figure>\n\n\n\n<p>Need olid peamised punktid, kuid SEO-sse saab lisada veel t\u00e4iendavaid funktsioone. Seni olen lisanud ainult p\u00f5hilised.<\/p>\n\n\n\n<figure class=\"wp-block-image size-large\"><img decoding=\"async\" src=\"https:\/\/mariiaposvystak24.thkit.ee\/wp\/wp-content\/uploads\/2025\/11\/image-10-1024x557.png\" alt=\"\" class=\"wp-image-960\"\/><\/figure>\n\n\n\n<p><\/p>\n","protected":false},"excerpt":{"rendered":"<p>Ma valikud plugin Yoast SEO L\u00fchidalt pluginist:Yaost SEO suurendab veebisaidi n\u00e4htavust ja parandab veebisaidi optimeerimist. Siin on m\u00f5ned olulised aspektid: Juhend samm-sammult P\u00e4rast plagi aktiveerimist ilmub aknas seadistused.Generalis seadistatakse juurdep\u00e4\u00e4s Yoastile ja millisele veebilehele seadistused rakenduvad. Features-is seadistatakse, milliseid funktsioone SEO kasutab. Vaikimisi on k\u00f5ik pistikprogrammi v\u00f5imalused sisse l\u00fclitatud ja iga veebisaidi administraator saab ise [&hellip;]<\/p>\n","protected":false},"author":1,"featured_media":0,"parent":0,"menu_order":0,"comment_status":"closed","ping_status":"closed","template":"","meta":{"_uag_custom_page_level_css":"","footnotes":""},"class_list":["post-994","page","type-page","status-publish","hentry"],"yoast_head":"<!-- This site is optimized with the Yoast SEO plugin v27.4 - https:\/\/yoast.com\/product\/yoast-seo-wordpress\/ -->\n<title>plugin. My choice - Portfolio Mariia Posvystak | eng<\/title>\n<meta name=\"robots\" content=\"index, follow, max-snippet:-1, max-image-preview:large, max-video-preview:-1\" \/>\n<link rel=\"canonical\" href=\"https:\/\/mariiaposvystak24.thkit.ee\/wp\/eng\/plugin-my-choice\/\" \/>\n<meta property=\"og:locale\" content=\"en_US\" \/>\n<meta property=\"og:type\" content=\"article\" \/>\n<meta property=\"og:title\" content=\"plugin. My choice - Portfolio Mariia Posvystak | eng\" \/>\n<meta property=\"og:description\" content=\"Ma valikud plugin Yoast SEO L\u00fchidalt pluginist:Yaost SEO suurendab veebisaidi n\u00e4htavust ja parandab veebisaidi optimeerimist. Siin on m\u00f5ned olulised aspektid: Juhend samm-sammult P\u00e4rast plagi aktiveerimist ilmub aknas seadistused.Generalis seadistatakse juurdep\u00e4\u00e4s Yoastile ja millisele veebilehele seadistused rakenduvad. Features-is seadistatakse, milliseid funktsioone SEO kasutab. Vaikimisi on k\u00f5ik pistikprogrammi v\u00f5imalused sisse l\u00fclitatud ja iga veebisaidi administraator saab ise [&hellip;]\" \/>\n<meta property=\"og:url\" content=\"https:\/\/mariiaposvystak24.thkit.ee\/wp\/eng\/plugin-my-choice\/\" \/>\n<meta property=\"og:site_name\" content=\"Portfolio Mariia Posvystak | eng\" \/>\n<meta name=\"twitter:card\" content=\"summary_large_image\" \/>\n<meta name=\"twitter:label1\" content=\"Est. reading time\" \/>\n\t<meta name=\"twitter:data1\" content=\"3 minutes\" \/>\n<script type=\"application\/ld+json\" class=\"yoast-schema-graph\">{\"@context\":\"https:\\\/\\\/schema.org\",\"@graph\":[{\"@type\":\"WebPage\",\"@id\":\"https:\\\/\\\/mariiaposvystak24.thkit.ee\\\/wp\\\/eng\\\/plugin-my-choice\\\/\",\"url\":\"https:\\\/\\\/mariiaposvystak24.thkit.ee\\\/wp\\\/eng\\\/plugin-my-choice\\\/\",\"name\":\"plugin. My choice - Portfolio Mariia Posvystak | eng\",\"isPartOf\":{\"@id\":\"https:\\\/\\\/mariiaposvystak24.thkit.ee\\\/wp\\\/eng\\\/#website\"},\"primaryImageOfPage\":{\"@id\":\"https:\\\/\\\/mariiaposvystak24.thkit.ee\\\/wp\\\/eng\\\/plugin-my-choice\\\/#primaryimage\"},\"image\":{\"@id\":\"https:\\\/\\\/mariiaposvystak24.thkit.ee\\\/wp\\\/eng\\\/plugin-my-choice\\\/#primaryimage\"},\"thumbnailUrl\":\"https:\\\/\\\/mariiaposvystak24.thkit.ee\\\/wp\\\/wp-content\\\/uploads\\\/2025\\\/11\\\/image-1-1024x566.png\",\"datePublished\":\"2025-11-05T22:23:45+00:00\",\"breadcrumb\":{\"@id\":\"https:\\\/\\\/mariiaposvystak24.thkit.ee\\\/wp\\\/eng\\\/plugin-my-choice\\\/#breadcrumb\"},\"inLanguage\":\"en-US\",\"potentialAction\":[{\"@type\":\"ReadAction\",\"target\":[\"https:\\\/\\\/mariiaposvystak24.thkit.ee\\\/wp\\\/eng\\\/plugin-my-choice\\\/\"]}]},{\"@type\":\"ImageObject\",\"inLanguage\":\"en-US\",\"@id\":\"https:\\\/\\\/mariiaposvystak24.thkit.ee\\\/wp\\\/eng\\\/plugin-my-choice\\\/#primaryimage\",\"url\":\"https:\\\/\\\/mariiaposvystak24.thkit.ee\\\/wp\\\/wp-content\\\/uploads\\\/2025\\\/11\\\/image-1-1024x566.png\",\"contentUrl\":\"https:\\\/\\\/mariiaposvystak24.thkit.ee\\\/wp\\\/wp-content\\\/uploads\\\/2025\\\/11\\\/image-1-1024x566.png\"},{\"@type\":\"BreadcrumbList\",\"@id\":\"https:\\\/\\\/mariiaposvystak24.thkit.ee\\\/wp\\\/eng\\\/plugin-my-choice\\\/#breadcrumb\",\"itemListElement\":[{\"@type\":\"ListItem\",\"position\":1,\"name\":\"Home\",\"item\":\"https:\\\/\\\/mariiaposvystak24.thkit.ee\\\/wp\\\/eng\\\/\"},{\"@type\":\"ListItem\",\"position\":2,\"name\":\"plugin. My choice\"}]},{\"@type\":\"WebSite\",\"@id\":\"https:\\\/\\\/mariiaposvystak24.thkit.ee\\\/wp\\\/eng\\\/#website\",\"url\":\"https:\\\/\\\/mariiaposvystak24.thkit.ee\\\/wp\\\/eng\\\/\",\"name\":\"Portfolio Mariia Posvystak | eng\",\"description\":\"\",\"potentialAction\":[{\"@type\":\"SearchAction\",\"target\":{\"@type\":\"EntryPoint\",\"urlTemplate\":\"https:\\\/\\\/mariiaposvystak24.thkit.ee\\\/wp\\\/eng\\\/?s={search_term_string}\"},\"query-input\":{\"@type\":\"PropertyValueSpecification\",\"valueRequired\":true,\"valueName\":\"search_term_string\"}}],\"inLanguage\":\"en-US\"}]}<\/script>\n<!-- \/ Yoast SEO plugin. -->","yoast_head_json":{"title":"plugin. My choice - Portfolio Mariia Posvystak | eng","robots":{"index":"index","follow":"follow","max-snippet":"max-snippet:-1","max-image-preview":"max-image-preview:large","max-video-preview":"max-video-preview:-1"},"canonical":"https:\/\/mariiaposvystak24.thkit.ee\/wp\/eng\/plugin-my-choice\/","og_locale":"en_US","og_type":"article","og_title":"plugin. My choice - Portfolio Mariia Posvystak | eng","og_description":"Ma valikud plugin Yoast SEO L\u00fchidalt pluginist:Yaost SEO suurendab veebisaidi n\u00e4htavust ja parandab veebisaidi optimeerimist. Siin on m\u00f5ned olulised aspektid: Juhend samm-sammult P\u00e4rast plagi aktiveerimist ilmub aknas seadistused.Generalis seadistatakse juurdep\u00e4\u00e4s Yoastile ja millisele veebilehele seadistused rakenduvad. Features-is seadistatakse, milliseid funktsioone SEO kasutab. Vaikimisi on k\u00f5ik pistikprogrammi v\u00f5imalused sisse l\u00fclitatud ja iga veebisaidi administraator saab ise [&hellip;]","og_url":"https:\/\/mariiaposvystak24.thkit.ee\/wp\/eng\/plugin-my-choice\/","og_site_name":"Portfolio Mariia Posvystak | eng","twitter_card":"summary_large_image","twitter_misc":{"Est. reading time":"3 minutes"},"schema":{"@context":"https:\/\/schema.org","@graph":[{"@type":"WebPage","@id":"https:\/\/mariiaposvystak24.thkit.ee\/wp\/eng\/plugin-my-choice\/","url":"https:\/\/mariiaposvystak24.thkit.ee\/wp\/eng\/plugin-my-choice\/","name":"plugin. My choice - Portfolio Mariia Posvystak | eng","isPartOf":{"@id":"https:\/\/mariiaposvystak24.thkit.ee\/wp\/eng\/#website"},"primaryImageOfPage":{"@id":"https:\/\/mariiaposvystak24.thkit.ee\/wp\/eng\/plugin-my-choice\/#primaryimage"},"image":{"@id":"https:\/\/mariiaposvystak24.thkit.ee\/wp\/eng\/plugin-my-choice\/#primaryimage"},"thumbnailUrl":"https:\/\/mariiaposvystak24.thkit.ee\/wp\/wp-content\/uploads\/2025\/11\/image-1-1024x566.png","datePublished":"2025-11-05T22:23:45+00:00","breadcrumb":{"@id":"https:\/\/mariiaposvystak24.thkit.ee\/wp\/eng\/plugin-my-choice\/#breadcrumb"},"inLanguage":"en-US","potentialAction":[{"@type":"ReadAction","target":["https:\/\/mariiaposvystak24.thkit.ee\/wp\/eng\/plugin-my-choice\/"]}]},{"@type":"ImageObject","inLanguage":"en-US","@id":"https:\/\/mariiaposvystak24.thkit.ee\/wp\/eng\/plugin-my-choice\/#primaryimage","url":"https:\/\/mariiaposvystak24.thkit.ee\/wp\/wp-content\/uploads\/2025\/11\/image-1-1024x566.png","contentUrl":"https:\/\/mariiaposvystak24.thkit.ee\/wp\/wp-content\/uploads\/2025\/11\/image-1-1024x566.png"},{"@type":"BreadcrumbList","@id":"https:\/\/mariiaposvystak24.thkit.ee\/wp\/eng\/plugin-my-choice\/#breadcrumb","itemListElement":[{"@type":"ListItem","position":1,"name":"Home","item":"https:\/\/mariiaposvystak24.thkit.ee\/wp\/eng\/"},{"@type":"ListItem","position":2,"name":"plugin. My choice"}]},{"@type":"WebSite","@id":"https:\/\/mariiaposvystak24.thkit.ee\/wp\/eng\/#website","url":"https:\/\/mariiaposvystak24.thkit.ee\/wp\/eng\/","name":"Portfolio Mariia Posvystak | eng","description":"","potentialAction":[{"@type":"SearchAction","target":{"@type":"EntryPoint","urlTemplate":"https:\/\/mariiaposvystak24.thkit.ee\/wp\/eng\/?s={search_term_string}"},"query-input":{"@type":"PropertyValueSpecification","valueRequired":true,"valueName":"search_term_string"}}],"inLanguage":"en-US"}]}},"uagb_featured_image_src":{"full":false,"thumbnail":false,"medium":false,"medium_large":false,"large":false,"dictionary-thumbnail":false,"1536x1536":false,"2048x2048":false},"uagb_author_info":{"display_name":"admin","author_link":"https:\/\/mariiaposvystak24.thkit.ee\/wp\/eng\/author\/admin\/"},"uagb_comment_info":0,"uagb_excerpt":"Ma valikud plugin Yoast SEO L\u00fchidalt pluginist:Yaost SEO suurendab veebisaidi n\u00e4htavust ja parandab veebisaidi optimeerimist. Siin on m\u00f5ned olulised aspektid: Juhend samm-sammult P\u00e4rast plagi aktiveerimist ilmub aknas seadistused.Generalis seadistatakse juurdep\u00e4\u00e4s Yoastile ja millisele veebilehele seadistused rakenduvad. Features-is seadistatakse, milliseid funktsioone SEO kasutab. Vaikimisi on k\u00f5ik pistikprogrammi v\u00f5imalused sisse l\u00fclitatud ja iga veebisaidi administraator saab ise&hellip;","_links":{"self":[{"href":"https:\/\/mariiaposvystak24.thkit.ee\/wp\/eng\/wp-json\/wp\/v2\/pages\/994","targetHints":{"allow":["GET"]}}],"collection":[{"href":"https:\/\/mariiaposvystak24.thkit.ee\/wp\/eng\/wp-json\/wp\/v2\/pages"}],"about":[{"href":"https:\/\/mariiaposvystak24.thkit.ee\/wp\/eng\/wp-json\/wp\/v2\/types\/page"}],"author":[{"embeddable":true,"href":"https:\/\/mariiaposvystak24.thkit.ee\/wp\/eng\/wp-json\/wp\/v2\/users\/1"}],"replies":[{"embeddable":true,"href":"https:\/\/mariiaposvystak24.thkit.ee\/wp\/eng\/wp-json\/wp\/v2\/comments?post=994"}],"version-history":[{"count":1,"href":"https:\/\/mariiaposvystak24.thkit.ee\/wp\/eng\/wp-json\/wp\/v2\/pages\/994\/revisions"}],"predecessor-version":[{"id":995,"href":"https:\/\/mariiaposvystak24.thkit.ee\/wp\/eng\/wp-json\/wp\/v2\/pages\/994\/revisions\/995"}],"wp:attachment":[{"href":"https:\/\/mariiaposvystak24.thkit.ee\/wp\/eng\/wp-json\/wp\/v2\/media?parent=994"}],"curies":[{"name":"wp","href":"https:\/\/api.w.org\/{rel}","templated":true}]}}