{"id":991,"date":"2025-11-05T22:21:55","date_gmt":"2025-11-05T22:21:55","guid":{"rendered":"https:\/\/mariiaposvystak24.thkit.ee\/wp\/eng\/?page_id=991"},"modified":"2025-11-05T22:21:55","modified_gmt":"2025-11-05T22:21:55","slug":"calculator","status":"publish","type":"page","link":"https:\/\/mariiaposvystak24.thkit.ee\/wp\/eng\/calculator\/","title":{"rendered":"Calculator"},"content":{"rendered":"\n<!DOCTYPE html>\n<html lang=\"en\">\n<head>\n    \n    <title>JS piltidega t\u00f6\u00f6<\/title>\n<\/head>\n<body onload=\"juhuslikPilt()\">\n<h1>Random pilti n\u00e4itamine<\/h1>\n<table>\n    <tr>\n        <td>\n            <input type=\"button\" value=\"random pilt\" onclick=\"juhuslikPilt()\">\n            <br>\n            <img decoding=\"async\" src=\"\" alt=\"\" id=\"pilt\">\n        <\/td>\n        <td id=\"vastus\">Vastus: <\/td>\n        <td>\n            <label for=\"valikud\">Vali mida sa n\u00e4ed pildil<\/label>\n            <br>\n            <select name=\"valikud\" id=\"valikud\" onchange=\"teeOmaValik()\">\n                <option value=\"\">&#8212;<\/option>\n                <option value=\"pildid\/1.png\">roose pilt<\/option>\n                <option value=\"pildid\/2.png\">orange pilt<\/option>\n                <option value=\"pildid\/3.png\">v\u00e4rvi pilt<\/option>\n                <option value=\"pildid\/4.png\">punane pilt<\/option>\n            <\/select>\n        <\/td>\n    <\/tr>\n    <tr>\n        <td>\n            <label for=\"kogus\">Pildid<\/label>\n            <input type=\"number\" id=\"kogus\" min=\"1\" max=\"100\" value=\"10\" onchange=\"arvutaPildiHind()\">\n        <\/td>\n        <td>\n            Summa:\n        <\/td>\n        <td id=\"summa\">\n\n        <\/td>\n    <\/tr>\n<\/table>\n<h1>Valuutakalkulaator<\/h1>\n<table>\n    <tr>\n        <td>\n            <strong>Millist valuutat sa soovid lugeda? <\/strong>\n            <br>\n            <input type=\"radio\" name=\"valuuta\" id=\"Colon\" value=\"\" onchange=\"Valuuta()\">\n            <label for=\"Colon\">Colon (Costa Rica)<\/label>\n            <br>\n            <input type=\"radio\" name=\"valuuta\" id=\"Dollar\" value=\"\" onchange=\"Valuuta()\">\n            <label for=\"Dollar\">Dollar (USA)<\/label>\n            <br>\n            <input type=\"radio\" name=\"valuuta\" id=\"Hryvnia\" value=\"\" onchange=\"Valuuta()\">\n            <label for=\"Hryvnia\">Grivna (Ukraina)<\/label>\n            <br>\n            <input type=\"radio\" name=\"valuuta\" id=\"Pound\" value=\"\" onchange=\"Valuuta()\">\n            <label for=\"Pound\">Pound (Suurbritannia)<\/label>\n            <br>\n            <input type=\"radio\" name=\"valuuta\" id=\"Yen\" value=\"\" onchange=\"Valuuta()\">\n            <label for=\"Yen\">Yen (Jaapan)<\/label>\n        <\/td>\n        <td>Valuut:<\/td>\n        <td>\n            <img decoding=\"async\" src=\"\" alt=\"\" id=\"val\">\n        <\/td>\n    <\/tr>\n    <tr>\n        <td>\n            <label for=\"valuu\">Arv: <\/label>\n            <input type=\"number\" id=\"valuu\" min=\"1\" max=\"100\" value=\"10\" onchange=\"arvutaValuut()\">\n        <\/td>\n        <td>\n            Summa:\n        <\/td>\n        <td id=\"summ\">\n        <\/td>\n    <\/tr>\n<\/table>\n<\/body>\n<\/html>\n\n\n\n<script>\nfunction juhuslikPilt() {\n    \/\/massiiv piltidest\n    const pildid=[\n        'https:\/\/mariiaposvystak24.thkit.ee\/wp\/wp-content\/uploads\/2025\/11\/1.png',\n        'https:\/\/mariiaposvystak24.thkit.ee\/wp\/wp-content\/uploads\/2025\/11\/2.png',\n        'https:\/\/mariiaposvystak24.thkit.ee\/wp\/wp-content\/uploads\/2025\/11\/3.png',\n        'https:\/\/mariiaposvystak24.thkit.ee\/wp\/wp-content\/uploads\/2025\/11\/4.png',\n    ];\n    \/\/html failis m\u00e4\u00e4ratud pilt ku id=pilt\n    const pilt=document.getElementById('pilt');\n    \/\/Math.floor - \u00fcmardamine\n    \/\/Math.random - juhuslik arv\n    \/\/pildid.length - elementide arv piltide massiivis\n    const randomPilt=Math.floor(Math.random() * pildid.length);\n\n    pilt.src = pildid[randomPilt];\n}\nfunction teeOmaValik(){\n    let pilt=document.getElementById('pilt');\n    let vastus=document.getElementById('vastus');\n    let valikud=document.getElementById('valikud'); \/\/mitu elemendi \u00fche nimega valikud\n\n    \/\/ts\u00fckl for\n    for(let i=0;i<valikud.length;i++){\n        \/\/if(valik.selectedIndex=valikud[i].value){\n            if(pilt.getAttribute('src')===valikud[i].value){\n                vastus.innerHTML=\"\u00f5ige\";\n                vastus.style.color=\"green\";\n            }\n            else {\n                vastus.innerHTML=\"M\u00f5tle veel, sa vastasid valesti!\";\n                vastus.style.color=\"red\";\n            }\n        \/\/}\n    }\n}\nfunction arvuta(kogus, hind){\n    return (kogus*hind).toFixed(2);\n    \/\/toFixed(2) - v\u00f5tab 2 numbre peale koma\n}\nconst roosaHind = 1;\nconst orangeHind = 2.2;\nconst varviHind = 0;\nconst punaneHind = 2.3;\n\nfunction arvutaPildiHind(){\n    let summa=document.getElementById('summa');\n    let kogus=document.getElementById('kogus').value;\n    let src=document.getElementById('pilt').getAttribute('src');\n    if(src===\"https:\/\/mariiaposvystak24.thkit.ee\/wp\/wp-content\/uploads\/2025\/11\/1.png\"){\n        summa.innerHTML=arvuta(kogus, roosaHind) + \"euro\";\n    }\n    if(src===\"https:\/\/mariiaposvystak24.thkit.ee\/wp\/wp-content\/uploads\/2025\/11\/2.png\"){\n        summa.innerHTML=arvuta(kogus, orangeHind) + \"euro\";\n    }\n    if(src===\"https:\/\/mariiaposvystak24.thkit.ee\/wp\/wp-content\/uploads\/2025\/11\/3.png\"){\n        summa.innerHTML=arvuta(kogus, varviHind) + \"euro\";\n    }\n    if(src===\"https:\/\/mariiaposvystak24.thkit.ee\/wp\/wp-content\/uploads\/2025\/11\/4.png\"){\n        summa.innerHTML=arvuta(kogus, punaneHind) + \"euro\";\n    }\n}\nfunction Valuuta() {\n    let v=document.getElementById(\"val\");\n    let Colon=document.getElementById(\"Colon\");\n    let Dollar=document.getElementById(\"Dollar\");\n    let Hryvnia=document.getElementById(\"Hryvnia\");\n    let Pound=document.getElementById(\"Pound\");\n    let Yen=document.getElementById(\"Yen\");\n\n    if(Colon.checked){\n        v.src=\"https:\/\/mariiaposvystak24.thkit.ee\/wp\/wp-content\/uploads\/2025\/11\/Colon.png\";\n    }\n    if(Dollar.checked){\n        v.src=\"https:\/\/mariiaposvystak24.thkit.ee\/wp\/wp-content\/uploads\/2025\/11\/Dollar.png\";\n    }\n    if(Hryvnia.checked){\n        v.src=\"https:\/\/mariiaposvystak24.thkit.ee\/wp\/wp-content\/uploads\/2025\/11\/Hryvnia.png\";\n    }\n    if(Pound.checked){\n        v.src=\"https:\/\/mariiaposvystak24.thkit.ee\/wp\/wp-content\/uploads\/2025\/11\/Pound.png\";\n    }\n    if(Yen.checked){\n        v.src=\"https:\/\/mariiaposvystak24.thkit.ee\/wp\/wp-content\/uploads\/2025\/11\/Yen.png\";\n    }\n}\nfunction arvuta(valuu, hind){\n    return (valuu*hind).toFixed(2);\n}\nconst Colon = 0.0017;\nconst Dollar = 0.87;\nconst Hryvnia = 0.02;\nconst Pound = 1.14;\nconst Yen = 0.0057;\n\nfunction arvutaValuut(){\n    let summ=document.getElementById('summ');\n    let valuu=document.getElementById('valuu').value;\n    let src=document.getElementById('val').getAttribute('src');\n    if(src===\"https:\/\/mariiaposvystak24.thkit.ee\/wp\/wp-content\/uploads\/2025\/11\/Colon.png\"){\n        summ.innerHTML=arvuta(valuu, Colon) + \" euro\";\n    }\n    if(src===\"https:\/\/mariiaposvystak24.thkit.ee\/wp\/wp-content\/uploads\/2025\/11\/Dollar.png\"){\n        summ.innerHTML=arvuta(valuu, Dollar) + \" euro\";\n    }\n    if(src===\"https:\/\/mariiaposvystak24.thkit.ee\/wp\/wp-content\/uploads\/2025\/11\/Hryvnia.png\"){\n        summ.innerHTML=arvuta(valuu, Hryvnia) + \" euro\";\n    }\n    if(src===\"https:\/\/mariiaposvystak24.thkit.ee\/wp\/wp-content\/uploads\/2025\/11\/Pound.png\"){\n        summ.innerHTML=arvuta(valuu, Pound) + \" euro\";\n    }\n    if(src===\"https:\/\/mariiaposvystak24.thkit.ee\/wp\/wp-content\/uploads\/2025\/11\/Yen.png\"){\n        summ.innerHTML=arvuta(valuu, Yen) + \" euro\";\n    }\n}\n<\/script>\n\n\n\n<style>\ntable td{\n    width:25%;\n    border-collapse: collapse;\n    border: 1px solid Black;\n    background-color: Tan;\n}\n<\/style>\n","protected":false},"excerpt":{"rendered":"<p>JS piltidega t\u00f6\u00f6 Random pilti n\u00e4itamine Vastus: Vali mida sa n\u00e4ed pildil &#8212;roose piltorange piltv\u00e4rvi piltpunane pilt Pildid Summa: Valuutakalkulaator Millist valuutat sa soovid lugeda? Colon (Costa Rica) Dollar (USA) Grivna (Ukraina) Pound (Suurbritannia) Yen (Jaapan) Valuut: Arv: Summa:<\/p>\n","protected":false},"author":1,"featured_media":0,"parent":0,"menu_order":0,"comment_status":"closed","ping_status":"closed","template":"","meta":{"_uag_custom_page_level_css":"","footnotes":""},"class_list":["post-991","page","type-page","status-publish","hentry"],"yoast_head":"<!-- This site is optimized with the Yoast SEO plugin v27.4 - https:\/\/yoast.com\/product\/yoast-seo-wordpress\/ -->\n<title>Calculator - Portfolio Mariia Posvystak | eng<\/title>\n<meta name=\"robots\" content=\"index, follow, max-snippet:-1, max-image-preview:large, max-video-preview:-1\" \/>\n<link rel=\"canonical\" href=\"https:\/\/mariiaposvystak24.thkit.ee\/wp\/eng\/calculator\/\" \/>\n<meta property=\"og:locale\" content=\"en_US\" \/>\n<meta property=\"og:type\" content=\"article\" \/>\n<meta property=\"og:title\" content=\"Calculator - Portfolio Mariia Posvystak | eng\" \/>\n<meta property=\"og:description\" content=\"JS piltidega t\u00f6\u00f6 Random pilti n\u00e4itamine Vastus: Vali mida sa n\u00e4ed pildil &#8212;roose piltorange piltv\u00e4rvi piltpunane pilt Pildid Summa: Valuutakalkulaator Millist valuutat sa soovid lugeda? Colon (Costa Rica) Dollar (USA) Grivna (Ukraina) Pound (Suurbritannia) Yen (Jaapan) Valuut: Arv: Summa:\" \/>\n<meta property=\"og:url\" content=\"https:\/\/mariiaposvystak24.thkit.ee\/wp\/eng\/calculator\/\" \/>\n<meta property=\"og:site_name\" content=\"Portfolio Mariia Posvystak | eng\" \/>\n<meta name=\"twitter:card\" content=\"summary_large_image\" \/>\n<meta name=\"twitter:label1\" content=\"Est. reading time\" \/>\n\t<meta name=\"twitter:data1\" content=\"1 minute\" \/>\n<script type=\"application\/ld+json\" class=\"yoast-schema-graph\">{\"@context\":\"https:\\\/\\\/schema.org\",\"@graph\":[{\"@type\":\"WebPage\",\"@id\":\"https:\\\/\\\/mariiaposvystak24.thkit.ee\\\/wp\\\/eng\\\/calculator\\\/\",\"url\":\"https:\\\/\\\/mariiaposvystak24.thkit.ee\\\/wp\\\/eng\\\/calculator\\\/\",\"name\":\"Calculator - Portfolio Mariia Posvystak | eng\",\"isPartOf\":{\"@id\":\"https:\\\/\\\/mariiaposvystak24.thkit.ee\\\/wp\\\/eng\\\/#website\"},\"datePublished\":\"2025-11-05T22:21:55+00:00\",\"breadcrumb\":{\"@id\":\"https:\\\/\\\/mariiaposvystak24.thkit.ee\\\/wp\\\/eng\\\/calculator\\\/#breadcrumb\"},\"inLanguage\":\"en-US\",\"potentialAction\":[{\"@type\":\"ReadAction\",\"target\":[\"https:\\\/\\\/mariiaposvystak24.thkit.ee\\\/wp\\\/eng\\\/calculator\\\/\"]}]},{\"@type\":\"BreadcrumbList\",\"@id\":\"https:\\\/\\\/mariiaposvystak24.thkit.ee\\\/wp\\\/eng\\\/calculator\\\/#breadcrumb\",\"itemListElement\":[{\"@type\":\"ListItem\",\"position\":1,\"name\":\"Home\",\"item\":\"https:\\\/\\\/mariiaposvystak24.thkit.ee\\\/wp\\\/eng\\\/\"},{\"@type\":\"ListItem\",\"position\":2,\"name\":\"Calculator\"}]},{\"@type\":\"WebSite\",\"@id\":\"https:\\\/\\\/mariiaposvystak24.thkit.ee\\\/wp\\\/eng\\\/#website\",\"url\":\"https:\\\/\\\/mariiaposvystak24.thkit.ee\\\/wp\\\/eng\\\/\",\"name\":\"Portfolio Mariia Posvystak | eng\",\"description\":\"\",\"potentialAction\":[{\"@type\":\"SearchAction\",\"target\":{\"@type\":\"EntryPoint\",\"urlTemplate\":\"https:\\\/\\\/mariiaposvystak24.thkit.ee\\\/wp\\\/eng\\\/?s={search_term_string}\"},\"query-input\":{\"@type\":\"PropertyValueSpecification\",\"valueRequired\":true,\"valueName\":\"search_term_string\"}}],\"inLanguage\":\"en-US\"}]}<\/script>\n<!-- \/ Yoast SEO plugin. -->","yoast_head_json":{"title":"Calculator - Portfolio Mariia Posvystak | eng","robots":{"index":"index","follow":"follow","max-snippet":"max-snippet:-1","max-image-preview":"max-image-preview:large","max-video-preview":"max-video-preview:-1"},"canonical":"https:\/\/mariiaposvystak24.thkit.ee\/wp\/eng\/calculator\/","og_locale":"en_US","og_type":"article","og_title":"Calculator - Portfolio Mariia Posvystak | eng","og_description":"JS piltidega t\u00f6\u00f6 Random pilti n\u00e4itamine Vastus: Vali mida sa n\u00e4ed pildil &#8212;roose piltorange piltv\u00e4rvi piltpunane pilt Pildid Summa: Valuutakalkulaator Millist valuutat sa soovid lugeda? Colon (Costa Rica) Dollar (USA) Grivna (Ukraina) Pound (Suurbritannia) Yen (Jaapan) Valuut: Arv: Summa:","og_url":"https:\/\/mariiaposvystak24.thkit.ee\/wp\/eng\/calculator\/","og_site_name":"Portfolio Mariia Posvystak | eng","twitter_card":"summary_large_image","twitter_misc":{"Est. reading time":"1 minute"},"schema":{"@context":"https:\/\/schema.org","@graph":[{"@type":"WebPage","@id":"https:\/\/mariiaposvystak24.thkit.ee\/wp\/eng\/calculator\/","url":"https:\/\/mariiaposvystak24.thkit.ee\/wp\/eng\/calculator\/","name":"Calculator - Portfolio Mariia Posvystak | eng","isPartOf":{"@id":"https:\/\/mariiaposvystak24.thkit.ee\/wp\/eng\/#website"},"datePublished":"2025-11-05T22:21:55+00:00","breadcrumb":{"@id":"https:\/\/mariiaposvystak24.thkit.ee\/wp\/eng\/calculator\/#breadcrumb"},"inLanguage":"en-US","potentialAction":[{"@type":"ReadAction","target":["https:\/\/mariiaposvystak24.thkit.ee\/wp\/eng\/calculator\/"]}]},{"@type":"BreadcrumbList","@id":"https:\/\/mariiaposvystak24.thkit.ee\/wp\/eng\/calculator\/#breadcrumb","itemListElement":[{"@type":"ListItem","position":1,"name":"Home","item":"https:\/\/mariiaposvystak24.thkit.ee\/wp\/eng\/"},{"@type":"ListItem","position":2,"name":"Calculator"}]},{"@type":"WebSite","@id":"https:\/\/mariiaposvystak24.thkit.ee\/wp\/eng\/#website","url":"https:\/\/mariiaposvystak24.thkit.ee\/wp\/eng\/","name":"Portfolio Mariia Posvystak | eng","description":"","potentialAction":[{"@type":"SearchAction","target":{"@type":"EntryPoint","urlTemplate":"https:\/\/mariiaposvystak24.thkit.ee\/wp\/eng\/?s={search_term_string}"},"query-input":{"@type":"PropertyValueSpecification","valueRequired":true,"valueName":"search_term_string"}}],"inLanguage":"en-US"}]}},"uagb_featured_image_src":{"full":false,"thumbnail":false,"medium":false,"medium_large":false,"large":false,"dictionary-thumbnail":false,"1536x1536":false,"2048x2048":false},"uagb_author_info":{"display_name":"admin","author_link":"https:\/\/mariiaposvystak24.thkit.ee\/wp\/eng\/author\/admin\/"},"uagb_comment_info":0,"uagb_excerpt":"JS piltidega t\u00f6\u00f6 Random pilti n\u00e4itamine Vastus: Vali mida sa n\u00e4ed pildil &#8212;roose piltorange piltv\u00e4rvi piltpunane pilt Pildid Summa: Valuutakalkulaator Millist valuutat sa soovid lugeda? Colon (Costa Rica) Dollar (USA) Grivna (Ukraina) Pound (Suurbritannia) Yen (Jaapan) Valuut: Arv: Summa:","_links":{"self":[{"href":"https:\/\/mariiaposvystak24.thkit.ee\/wp\/eng\/wp-json\/wp\/v2\/pages\/991","targetHints":{"allow":["GET"]}}],"collection":[{"href":"https:\/\/mariiaposvystak24.thkit.ee\/wp\/eng\/wp-json\/wp\/v2\/pages"}],"about":[{"href":"https:\/\/mariiaposvystak24.thkit.ee\/wp\/eng\/wp-json\/wp\/v2\/types\/page"}],"author":[{"embeddable":true,"href":"https:\/\/mariiaposvystak24.thkit.ee\/wp\/eng\/wp-json\/wp\/v2\/users\/1"}],"replies":[{"embeddable":true,"href":"https:\/\/mariiaposvystak24.thkit.ee\/wp\/eng\/wp-json\/wp\/v2\/comments?post=991"}],"version-history":[{"count":1,"href":"https:\/\/mariiaposvystak24.thkit.ee\/wp\/eng\/wp-json\/wp\/v2\/pages\/991\/revisions"}],"predecessor-version":[{"id":992,"href":"https:\/\/mariiaposvystak24.thkit.ee\/wp\/eng\/wp-json\/wp\/v2\/pages\/991\/revisions\/992"}],"wp:attachment":[{"href":"https:\/\/mariiaposvystak24.thkit.ee\/wp\/eng\/wp-json\/wp\/v2\/media?parent=991"}],"curies":[{"name":"wp","href":"https:\/\/api.w.org\/{rel}","templated":true}]}}