{"id":893,"date":"2025-09-30T10:27:14","date_gmt":"2025-09-30T07:27:14","guid":{"rendered":"https:\/\/mariiaposvystak24.thkit.ee\/wp\/?page_id=792"},"modified":"2025-09-30T10:27:14","modified_gmt":"2025-09-30T07:27:14","slug":"sonastik","status":"publish","type":"page","link":"https:\/\/mariiaposvystak24.thkit.ee\/wp\/eng\/sonastik\/","title":{"rendered":"S\u00f5nastik"},"content":{"rendered":"<div class=\"dictionary\">\r\n\t<form class=\"terms_search\"><input type=\"text\" name=\"terms_s\" value=\"\" required><input type=\"submit\" value=\"search\"><\/form><nav class=\"letters\"><a href=\"?letter=4\" class=\"letter \">B<\/a><a href=\"?letter=5\" class=\"letter \">C<\/a><a href=\"?letter=6\" class=\"letter \">F<\/a><a href=\"?letter=7\" class=\"letter \">H<\/a><a href=\"?letter=8\" class=\"letter \">I<\/a><a href=\"?letter=9\" class=\"letter \">J<\/a><a href=\"?letter=10\" class=\"letter \">M<\/a><a href=\"?letter=11\" class=\"letter \">N<\/a><a href=\"?letter=12\" class=\"letter \">S<\/a><a href=\"?letter=13\" class=\"letter \">T<\/a><\/nav><div class=\"terms\"><div class=\"term\"><strong>Body<\/strong>  - &lt;body&gt; - element sisaldab kogu HTML-dokumendi sisu, n\u00e4iteks pealkirju, l\u00f5ike, pilte, h\u00fcperlinke, tabeleid, loendeid jne.<\/div><div class=\"term\"><strong>Button<\/strong>  - &lt;button type=\"button\" onclick=\"klick\"&gt;Button&lt;\/button&gt;\n\n&nbsp;\n\n<img loading=\"lazy\" decoding=\"async\" class=\"alignnone size-full wp-image-811\" src=\"https:\/\/mariiaposvystak24.thkit.ee\/wp\/eng\/wp-content\/uploads\/sites\/2\/2025\/09\/button-1.png\" alt=\"\" width=\"62\" height=\"28\" \/><\/div><div class=\"term\"><strong>CSS<\/strong>  - Cascading Style Sheets - veebilehe kirjanduse loomiseks<\/div><div class=\"term\"><strong>CSS<\/strong>  - Cascading Style Sheets - veebilehe kirjanduse loomiseks<\/div><div class=\"term\"><strong>Footer<\/strong>  - &lt;footer&gt;HTML-element, kus pannakse veebilehe jalus.<\/div><div class=\"term\"><strong>Form<\/strong>  - &lt;form&gt; - elementi kasutatakse kasutaja sisestamiseks HTML-vormi loomiseks:<\/div><div class=\"term\"><strong>Form<\/strong>  - &lt;form&gt; - elementi kasutatakse kasutaja sisestamiseks HTML-vormi loomiseks:<\/div><div class=\"term\"><strong>H1<\/strong>  - &lt;h1&gt; - pealkirja lehe kohta \u2013 see peaks esindama kogu lehe peamist pealkirja\/teemat. Samuti \u00e4rge j\u00e4tke vahele pealkirjatasemeid \u2013 alustage<\/div><div class=\"term\"><strong>Input<\/strong>  - &lt;input&gt; - HTML-elemendi erinevaid t\u00fc\u00fcpe\n\n<span class=\"tagnamecolor\"><span class=\"tagcolor\">&lt;<\/span>form<span class=\"tagcolor\">&gt;<\/span><\/span>\n<span class=\"tagnamecolor\"><span class=\"tagcolor\">&lt;<\/span>label<span class=\"attributecolor\">\u00a0for<span class=\"attributevaluecolor\">=\"enimi\"<\/span><\/span><span class=\"tagcolor\">&gt;<\/span><\/span>Eesnimi:<span class=\"tagnamecolor\"><span class=\"tagcolor\">&lt;<\/span>\/label<span class=\"tagcolor\">&gt;<\/span><\/span><span class=\"tagnamecolor\"><span class=\"tagcolor\">&lt;<\/span>br<span class=\"tagcolor\">&gt;<\/span><\/span>\n<span class=\"tagnamecolor\"><span class=\"tagcolor\">&lt;<\/span>input<span class=\"attributecolor\">\u00a0type<span class=\"attributevaluecolor\">=\"text\"<\/span>\u00a0id<span class=\"attributevaluecolor\">=\"enimi\"<\/span>\u00a0name<span class=\"attributevaluecolor\">=\"enimi\"<\/span><\/span><span class=\"tagcolor\">&gt;<\/span><\/span><span class=\"tagnamecolor\"><span class=\"tagcolor\">&lt;<\/span>br<span class=\"tagcolor\">&gt;\n<\/span><\/span>&lt;\/form&gt;\n\n<img loading=\"lazy\" decoding=\"async\" class=\"alignnone size-full wp-image-806\" src=\"https:\/\/mariiaposvystak24.thkit.ee\/wp\/eng\/wp-content\/uploads\/sites\/2\/2025\/09\/p-1.png\" alt=\"\" width=\"192\" height=\"52\" \/><\/div><div class=\"term\"><strong>JavaScript<\/strong>  - <p style=\"padding-left: 80px\"><strong>JavaScript<\/strong><\/p>\n<strong>JavaScript<\/strong> on objektorienteeritud\nprogrammeerimiskeel, mida kasutatakse peamiselt koos\n<strong>HTML<\/strong>-i ja<strong> CSS<\/strong>-iga veebisaitide loomiseks.\n\n<strong>JavaScripti<\/strong> saab k\u00e4ivitada veebilehel nii brauseri\nkonsooliaknas, kui ka eraldi failist.\n(<strong>Ctrl + Shift + I<\/strong>)\n\n<strong>\/* <\/strong>Javascriptis saab kommentaare lisada kahe erineva\ns\u00fcntaksi abil: \u00fcherealised kommentaarid ja\nmitmerealised kommentaarid. <strong>*\/<\/strong><\/div><\/div><div class=\"td-pagination\"><span aria-current=\"page\" class=\"page-numbers current\">1<\/span>\n<a class=\"page-numbers\" href=\"?page_terms=2\">2<\/a><\/div><\/div>\n","protected":false},"excerpt":{"rendered":"","protected":false},"author":1,"featured_media":0,"parent":0,"menu_order":0,"comment_status":"closed","ping_status":"closed","template":"","meta":{"_uag_custom_page_level_css":"","footnotes":""},"class_list":["post-893","page","type-page","status-publish","hentry"],"yoast_head":"<!-- This site is optimized with the Yoast SEO plugin v27.4 - https:\/\/yoast.com\/product\/yoast-seo-wordpress\/ -->\n<title>S\u00f5nastik - Portfolio Mariia Posvystak | eng<\/title>\n<meta name=\"robots\" content=\"index, follow, max-snippet:-1, max-image-preview:large, max-video-preview:-1\" \/>\n<link rel=\"canonical\" href=\"https:\/\/mariiaposvystak24.thkit.ee\/wp\/eng\/sonastik\/\" \/>\n<meta property=\"og:locale\" content=\"en_US\" \/>\n<meta property=\"og:type\" content=\"article\" \/>\n<meta property=\"og:title\" content=\"S\u00f5nastik - Portfolio Mariia Posvystak | eng\" \/>\n<meta property=\"og:url\" content=\"https:\/\/mariiaposvystak24.thkit.ee\/wp\/eng\/sonastik\/\" \/>\n<meta property=\"og:site_name\" content=\"Portfolio Mariia Posvystak | eng\" \/>\n<meta name=\"twitter:card\" content=\"summary_large_image\" \/>\n<script type=\"application\/ld+json\" class=\"yoast-schema-graph\">{\"@context\":\"https:\\\/\\\/schema.org\",\"@graph\":[{\"@type\":\"WebPage\",\"@id\":\"https:\\\/\\\/mariiaposvystak24.thkit.ee\\\/wp\\\/eng\\\/sonastik\\\/\",\"url\":\"https:\\\/\\\/mariiaposvystak24.thkit.ee\\\/wp\\\/eng\\\/sonastik\\\/\",\"name\":\"S\u00f5nastik - Portfolio Mariia Posvystak | eng\",\"isPartOf\":{\"@id\":\"https:\\\/\\\/mariiaposvystak24.thkit.ee\\\/wp\\\/eng\\\/#website\"},\"datePublished\":\"2025-09-30T07:27:14+00:00\",\"breadcrumb\":{\"@id\":\"https:\\\/\\\/mariiaposvystak24.thkit.ee\\\/wp\\\/eng\\\/sonastik\\\/#breadcrumb\"},\"inLanguage\":\"en-US\",\"potentialAction\":[{\"@type\":\"ReadAction\",\"target\":[\"https:\\\/\\\/mariiaposvystak24.thkit.ee\\\/wp\\\/eng\\\/sonastik\\\/\"]}]},{\"@type\":\"BreadcrumbList\",\"@id\":\"https:\\\/\\\/mariiaposvystak24.thkit.ee\\\/wp\\\/eng\\\/sonastik\\\/#breadcrumb\",\"itemListElement\":[{\"@type\":\"ListItem\",\"position\":1,\"name\":\"Home\",\"item\":\"https:\\\/\\\/mariiaposvystak24.thkit.ee\\\/wp\\\/eng\\\/\"},{\"@type\":\"ListItem\",\"position\":2,\"name\":\"S\u00f5nastik\"}]},{\"@type\":\"WebSite\",\"@id\":\"https:\\\/\\\/mariiaposvystak24.thkit.ee\\\/wp\\\/eng\\\/#website\",\"url\":\"https:\\\/\\\/mariiaposvystak24.thkit.ee\\\/wp\\\/eng\\\/\",\"name\":\"Portfolio Mariia Posvystak | eng\",\"description\":\"\",\"potentialAction\":[{\"@type\":\"SearchAction\",\"target\":{\"@type\":\"EntryPoint\",\"urlTemplate\":\"https:\\\/\\\/mariiaposvystak24.thkit.ee\\\/wp\\\/eng\\\/?s={search_term_string}\"},\"query-input\":{\"@type\":\"PropertyValueSpecification\",\"valueRequired\":true,\"valueName\":\"search_term_string\"}}],\"inLanguage\":\"en-US\"}]}<\/script>\n<!-- \/ Yoast SEO plugin. -->","yoast_head_json":{"title":"S\u00f5nastik - Portfolio Mariia Posvystak | eng","robots":{"index":"index","follow":"follow","max-snippet":"max-snippet:-1","max-image-preview":"max-image-preview:large","max-video-preview":"max-video-preview:-1"},"canonical":"https:\/\/mariiaposvystak24.thkit.ee\/wp\/eng\/sonastik\/","og_locale":"en_US","og_type":"article","og_title":"S\u00f5nastik - Portfolio Mariia Posvystak | eng","og_url":"https:\/\/mariiaposvystak24.thkit.ee\/wp\/eng\/sonastik\/","og_site_name":"Portfolio Mariia Posvystak | eng","twitter_card":"summary_large_image","schema":{"@context":"https:\/\/schema.org","@graph":[{"@type":"WebPage","@id":"https:\/\/mariiaposvystak24.thkit.ee\/wp\/eng\/sonastik\/","url":"https:\/\/mariiaposvystak24.thkit.ee\/wp\/eng\/sonastik\/","name":"S\u00f5nastik - Portfolio Mariia Posvystak | eng","isPartOf":{"@id":"https:\/\/mariiaposvystak24.thkit.ee\/wp\/eng\/#website"},"datePublished":"2025-09-30T07:27:14+00:00","breadcrumb":{"@id":"https:\/\/mariiaposvystak24.thkit.ee\/wp\/eng\/sonastik\/#breadcrumb"},"inLanguage":"en-US","potentialAction":[{"@type":"ReadAction","target":["https:\/\/mariiaposvystak24.thkit.ee\/wp\/eng\/sonastik\/"]}]},{"@type":"BreadcrumbList","@id":"https:\/\/mariiaposvystak24.thkit.ee\/wp\/eng\/sonastik\/#breadcrumb","itemListElement":[{"@type":"ListItem","position":1,"name":"Home","item":"https:\/\/mariiaposvystak24.thkit.ee\/wp\/eng\/"},{"@type":"ListItem","position":2,"name":"S\u00f5nastik"}]},{"@type":"WebSite","@id":"https:\/\/mariiaposvystak24.thkit.ee\/wp\/eng\/#website","url":"https:\/\/mariiaposvystak24.thkit.ee\/wp\/eng\/","name":"Portfolio Mariia Posvystak | eng","description":"","potentialAction":[{"@type":"SearchAction","target":{"@type":"EntryPoint","urlTemplate":"https:\/\/mariiaposvystak24.thkit.ee\/wp\/eng\/?s={search_term_string}"},"query-input":{"@type":"PropertyValueSpecification","valueRequired":true,"valueName":"search_term_string"}}],"inLanguage":"en-US"}]}},"uagb_featured_image_src":{"full":false,"thumbnail":false,"medium":false,"medium_large":false,"large":false,"dictionary-thumbnail":false,"1536x1536":false,"2048x2048":false},"uagb_author_info":{"display_name":"admin","author_link":"https:\/\/mariiaposvystak24.thkit.ee\/wp\/eng\/author\/admin\/"},"uagb_comment_info":0,"uagb_excerpt":null,"_links":{"self":[{"href":"https:\/\/mariiaposvystak24.thkit.ee\/wp\/eng\/wp-json\/wp\/v2\/pages\/893","targetHints":{"allow":["GET"]}}],"collection":[{"href":"https:\/\/mariiaposvystak24.thkit.ee\/wp\/eng\/wp-json\/wp\/v2\/pages"}],"about":[{"href":"https:\/\/mariiaposvystak24.thkit.ee\/wp\/eng\/wp-json\/wp\/v2\/types\/page"}],"author":[{"embeddable":true,"href":"https:\/\/mariiaposvystak24.thkit.ee\/wp\/eng\/wp-json\/wp\/v2\/users\/1"}],"replies":[{"embeddable":true,"href":"https:\/\/mariiaposvystak24.thkit.ee\/wp\/eng\/wp-json\/wp\/v2\/comments?post=893"}],"version-history":[{"count":0,"href":"https:\/\/mariiaposvystak24.thkit.ee\/wp\/eng\/wp-json\/wp\/v2\/pages\/893\/revisions"}],"wp:attachment":[{"href":"https:\/\/mariiaposvystak24.thkit.ee\/wp\/eng\/wp-json\/wp\/v2\/media?parent=893"}],"curies":[{"name":"wp","href":"https:\/\/api.w.org\/{rel}","templated":true}]}}