{"id":342,"date":"2025-03-07T13:07:24","date_gmt":"2025-03-07T11:07:24","guid":{"rendered":"https:\/\/com17699.wordpress.com\/?page_id=342"},"modified":"2025-03-07T13:07:24","modified_gmt":"2025-03-07T11:07:24","slug":"referaat-2","status":"publish","type":"page","link":"https:\/\/mariiaposvystak24.thkit.ee\/wp\/eng\/referaat-2\/","title":{"rendered":"Referaat"},"content":{"rendered":"\n<h2 class=\"wp-block-heading\"><strong>Asus Zenbo: robot koduperenaine<\/strong><\/h2>\n\n\n\n<p><strong>Ajalugu<\/strong><br>Asus Zenbo on teenindusrobot, mis loodi Asuse poolt 2016. aastal. Selle eesm\u00e4rk on pakkuda kodudes igap\u00e4evast tuge, olles kaaslane ja abiline kodustes tegevustes. Zenbo arendamine algas vajadusest luua robot, mis suudaks integreeruda igap\u00e4evaelu ja nutikodude s\u00fcsteemidesse, pakkudes samal ajal meelelahutust ja praktilist tuge.<\/p>\n\n\n\n<p><strong>T\u00f6\u00f6 printsiip<\/strong><br>Zenbo t\u00f6\u00f6tab tehisintellekti ja masin\u00f5ppe p\u00f5hjal. Ta suudab m\u00f5ista h\u00e4\u00e4lk\u00e4sklusi, liikuda ruumis ja t\u00e4ita erinevaid \u00fclesandeid, nagu muusika m\u00e4ngimine, uudiste lugemine v\u00f5i videok\u00f5nede tegemine. Samuti saab ta suhelda teiste nutikodusse \u00fchendatud seadmetega, n\u00e4iteks reguleerida temperatuuri ja valgustust. Zenbo kasutab oma kaamerat ja andureid, et liikuda ruumis takistustest m\u00f6\u00f6da ja teostada \u00fclesandeid.<\/p>\n\n\n\n<p><strong>Roboti loomise eesm\u00e4rk<\/strong><br>Zenbo loodi eesm\u00e4rgiga pakkuda pereliikmetele, eriti eakatele, igap\u00e4evast abi kodustes tegevustes. Ta on m\u00f5eldud mitte ainult nutikaks abiliseks, vaid ka l\u00f5busaks kaaslaseks, kes suudab teha k\u00f5nesid, lugeda lugusid ja pakkuda meelelahutust. Zenbo eesm\u00e4rk on lihtsustada kodu haldamist ning pakkuda turvatunnet ja mugavust.<\/p>\n\n\n\n<p><strong>Kasutamine<\/strong><br>Zenbo on loodud igap\u00e4evaste koduste \u00fclesannete t\u00e4itmiseks, nagu meelelahutus, kodu valgustuse ja temperatuuri reguleerimine, videok\u00f5ned ja meeldetuletuste tegemine. Eakatele kasutajatele pakub Zenbo suhtlusv\u00f5imalusi, j\u00e4lgides nende tegevust ja pakkudes turvalisust. Samuti saab Zenbo integreeruda nutikodude s\u00fcsteemidega, et t\u00e4iendada igap\u00e4evase elu mugavust.<\/p>\n\n\n\n<p><strong>Edasiareng<\/strong><br>Zenbo arendamine j\u00e4tkub, et muuta roboti funktsioonid veelgi t\u00e4iuslikumaks. Edasiarengud v\u00f5ivad h\u00f5lmata paremat liikumisv\u00f5imekust, t\u00e4iendatud tehisintellekti, mis suudab t\u00e4psemalt m\u00f5ista kasutaja vajadusi, ja rohkemate koduautomaatika s\u00fcsteemidega integratsiooni.<\/p>\n\n\n\n<figure class=\"wp-block-embed is-type-video is-provider-youtube wp-block-embed-youtube wp-embed-aspect-16-9 wp-has-aspect-ratio\"><div class=\"wp-block-embed__wrapper\">\n<div class=\"embed-youtube\"><iframe loading=\"lazy\" title=\"ASUS Zenbo Part.2 Unveiled\" width=\"500\" height=\"281\" src=\"https:\/\/www.youtube.com\/embed\/XLRSdujGMHc?feature=oembed\" frameborder=\"0\" allow=\"accelerometer; autoplay; clipboard-write; encrypted-media; gyroscope; picture-in-picture; web-share\" referrerpolicy=\"strict-origin-when-cross-origin\" allowfullscreen><\/iframe><\/div>\n<\/div><\/figure>\n\n\n\n<figure class=\"wp-block-embed is-type-video is-provider-youtube wp-block-embed-youtube wp-embed-aspect-16-9 wp-has-aspect-ratio\"><div class=\"wp-block-embed__wrapper\">\n<div class=\"embed-youtube\"><iframe loading=\"lazy\" title=\"ASUS Zenbo Live Demo: Smart Open\/Close Sensor\" width=\"500\" height=\"281\" src=\"https:\/\/www.youtube.com\/embed\/gQxY8pFra2k?feature=oembed\" frameborder=\"0\" allow=\"accelerometer; autoplay; clipboard-write; encrypted-media; gyroscope; picture-in-picture; web-share\" referrerpolicy=\"strict-origin-when-cross-origin\" allowfullscreen><\/iframe><\/div>\n<\/div><\/figure>\n","protected":false},"excerpt":{"rendered":"<p>Asus Zenbo: robot koduperenaine AjaluguAsus Zenbo on teenindusrobot, mis loodi Asuse poolt 2016. aastal. Selle eesm\u00e4rk on pakkuda kodudes igap\u00e4evast tuge, olles kaaslane ja abiline kodustes tegevustes. Zenbo arendamine algas vajadusest luua robot, mis suudaks integreeruda igap\u00e4evaelu ja nutikodude s\u00fcsteemidesse, pakkudes samal ajal meelelahutust ja praktilist tuge. T\u00f6\u00f6 printsiipZenbo t\u00f6\u00f6tab tehisintellekti ja masin\u00f5ppe p\u00f5hjal. Ta [&hellip;]<\/p>\n","protected":false},"author":1,"featured_media":0,"parent":0,"menu_order":0,"comment_status":"closed","ping_status":"closed","template":"%d0%b2%d0%bb%d0%b0%d1%81%d0%bd%d0%b8%d0%b8-%d1%88%d0%b0%d0%b1%d0%bb%d0%be%d0%bd-2","meta":{"_uag_custom_page_level_css":"","footnotes":""},"class_list":["post-342","page","type-page","status-publish","hentry"],"yoast_head":"<!-- This site is optimized with the Yoast SEO plugin v27.4 - https:\/\/yoast.com\/product\/yoast-seo-wordpress\/ -->\n<title>Referaat - Portfolio Mariia Posvystak | eng<\/title>\n<meta name=\"robots\" content=\"index, follow, max-snippet:-1, max-image-preview:large, max-video-preview:-1\" \/>\n<link rel=\"canonical\" href=\"https:\/\/mariiaposvystak24.thkit.ee\/wp\/eng\/referaat-2\/\" \/>\n<meta property=\"og:locale\" content=\"en_US\" \/>\n<meta property=\"og:type\" content=\"article\" \/>\n<meta property=\"og:title\" content=\"Referaat - Portfolio Mariia Posvystak | eng\" \/>\n<meta property=\"og:description\" content=\"Asus Zenbo: robot koduperenaine AjaluguAsus Zenbo on teenindusrobot, mis loodi Asuse poolt 2016. aastal. Selle eesm\u00e4rk on pakkuda kodudes igap\u00e4evast tuge, olles kaaslane ja abiline kodustes tegevustes. Zenbo arendamine algas vajadusest luua robot, mis suudaks integreeruda igap\u00e4evaelu ja nutikodude s\u00fcsteemidesse, pakkudes samal ajal meelelahutust ja praktilist tuge. T\u00f6\u00f6 printsiipZenbo t\u00f6\u00f6tab tehisintellekti ja masin\u00f5ppe p\u00f5hjal. Ta [&hellip;]\" \/>\n<meta property=\"og:url\" content=\"https:\/\/mariiaposvystak24.thkit.ee\/wp\/eng\/referaat-2\/\" \/>\n<meta property=\"og:site_name\" content=\"Portfolio Mariia Posvystak | eng\" \/>\n<meta name=\"twitter:card\" content=\"summary_large_image\" \/>\n<meta name=\"twitter:label1\" content=\"Est. reading time\" \/>\n\t<meta name=\"twitter:data1\" content=\"1 minute\" \/>\n<script type=\"application\/ld+json\" class=\"yoast-schema-graph\">{\"@context\":\"https:\\\/\\\/schema.org\",\"@graph\":[{\"@type\":\"WebPage\",\"@id\":\"https:\\\/\\\/mariiaposvystak24.thkit.ee\\\/wp\\\/eng\\\/referaat-2\\\/\",\"url\":\"https:\\\/\\\/mariiaposvystak24.thkit.ee\\\/wp\\\/eng\\\/referaat-2\\\/\",\"name\":\"Referaat - Portfolio Mariia Posvystak | eng\",\"isPartOf\":{\"@id\":\"https:\\\/\\\/mariiaposvystak24.thkit.ee\\\/wp\\\/eng\\\/#website\"},\"datePublished\":\"2025-03-07T11:07:24+00:00\",\"breadcrumb\":{\"@id\":\"https:\\\/\\\/mariiaposvystak24.thkit.ee\\\/wp\\\/eng\\\/referaat-2\\\/#breadcrumb\"},\"inLanguage\":\"en-US\",\"potentialAction\":[{\"@type\":\"ReadAction\",\"target\":[\"https:\\\/\\\/mariiaposvystak24.thkit.ee\\\/wp\\\/eng\\\/referaat-2\\\/\"]}]},{\"@type\":\"BreadcrumbList\",\"@id\":\"https:\\\/\\\/mariiaposvystak24.thkit.ee\\\/wp\\\/eng\\\/referaat-2\\\/#breadcrumb\",\"itemListElement\":[{\"@type\":\"ListItem\",\"position\":1,\"name\":\"Home\",\"item\":\"https:\\\/\\\/mariiaposvystak24.thkit.ee\\\/wp\\\/eng\\\/\"},{\"@type\":\"ListItem\",\"position\":2,\"name\":\"Referaat\"}]},{\"@type\":\"WebSite\",\"@id\":\"https:\\\/\\\/mariiaposvystak24.thkit.ee\\\/wp\\\/eng\\\/#website\",\"url\":\"https:\\\/\\\/mariiaposvystak24.thkit.ee\\\/wp\\\/eng\\\/\",\"name\":\"Portfolio Mariia Posvystak | eng\",\"description\":\"\",\"potentialAction\":[{\"@type\":\"SearchAction\",\"target\":{\"@type\":\"EntryPoint\",\"urlTemplate\":\"https:\\\/\\\/mariiaposvystak24.thkit.ee\\\/wp\\\/eng\\\/?s={search_term_string}\"},\"query-input\":{\"@type\":\"PropertyValueSpecification\",\"valueRequired\":true,\"valueName\":\"search_term_string\"}}],\"inLanguage\":\"en-US\"}]}<\/script>\n<!-- \/ Yoast SEO plugin. -->","yoast_head_json":{"title":"Referaat - Portfolio Mariia Posvystak | eng","robots":{"index":"index","follow":"follow","max-snippet":"max-snippet:-1","max-image-preview":"max-image-preview:large","max-video-preview":"max-video-preview:-1"},"canonical":"https:\/\/mariiaposvystak24.thkit.ee\/wp\/eng\/referaat-2\/","og_locale":"en_US","og_type":"article","og_title":"Referaat - Portfolio Mariia Posvystak | eng","og_description":"Asus Zenbo: robot koduperenaine AjaluguAsus Zenbo on teenindusrobot, mis loodi Asuse poolt 2016. aastal. Selle eesm\u00e4rk on pakkuda kodudes igap\u00e4evast tuge, olles kaaslane ja abiline kodustes tegevustes. Zenbo arendamine algas vajadusest luua robot, mis suudaks integreeruda igap\u00e4evaelu ja nutikodude s\u00fcsteemidesse, pakkudes samal ajal meelelahutust ja praktilist tuge. T\u00f6\u00f6 printsiipZenbo t\u00f6\u00f6tab tehisintellekti ja masin\u00f5ppe p\u00f5hjal. Ta [&hellip;]","og_url":"https:\/\/mariiaposvystak24.thkit.ee\/wp\/eng\/referaat-2\/","og_site_name":"Portfolio Mariia Posvystak | eng","twitter_card":"summary_large_image","twitter_misc":{"Est. reading time":"1 minute"},"schema":{"@context":"https:\/\/schema.org","@graph":[{"@type":"WebPage","@id":"https:\/\/mariiaposvystak24.thkit.ee\/wp\/eng\/referaat-2\/","url":"https:\/\/mariiaposvystak24.thkit.ee\/wp\/eng\/referaat-2\/","name":"Referaat - Portfolio Mariia Posvystak | eng","isPartOf":{"@id":"https:\/\/mariiaposvystak24.thkit.ee\/wp\/eng\/#website"},"datePublished":"2025-03-07T11:07:24+00:00","breadcrumb":{"@id":"https:\/\/mariiaposvystak24.thkit.ee\/wp\/eng\/referaat-2\/#breadcrumb"},"inLanguage":"en-US","potentialAction":[{"@type":"ReadAction","target":["https:\/\/mariiaposvystak24.thkit.ee\/wp\/eng\/referaat-2\/"]}]},{"@type":"BreadcrumbList","@id":"https:\/\/mariiaposvystak24.thkit.ee\/wp\/eng\/referaat-2\/#breadcrumb","itemListElement":[{"@type":"ListItem","position":1,"name":"Home","item":"https:\/\/mariiaposvystak24.thkit.ee\/wp\/eng\/"},{"@type":"ListItem","position":2,"name":"Referaat"}]},{"@type":"WebSite","@id":"https:\/\/mariiaposvystak24.thkit.ee\/wp\/eng\/#website","url":"https:\/\/mariiaposvystak24.thkit.ee\/wp\/eng\/","name":"Portfolio Mariia Posvystak | eng","description":"","potentialAction":[{"@type":"SearchAction","target":{"@type":"EntryPoint","urlTemplate":"https:\/\/mariiaposvystak24.thkit.ee\/wp\/eng\/?s={search_term_string}"},"query-input":{"@type":"PropertyValueSpecification","valueRequired":true,"valueName":"search_term_string"}}],"inLanguage":"en-US"}]}},"uagb_featured_image_src":{"full":false,"thumbnail":false,"medium":false,"medium_large":false,"large":false,"dictionary-thumbnail":false,"1536x1536":false,"2048x2048":false},"uagb_author_info":{"display_name":"admin","author_link":"https:\/\/mariiaposvystak24.thkit.ee\/wp\/eng\/author\/admin\/"},"uagb_comment_info":0,"uagb_excerpt":"Asus Zenbo: robot koduperenaine AjaluguAsus Zenbo on teenindusrobot, mis loodi Asuse poolt 2016. aastal. Selle eesm\u00e4rk on pakkuda kodudes igap\u00e4evast tuge, olles kaaslane ja abiline kodustes tegevustes. Zenbo arendamine algas vajadusest luua robot, mis suudaks integreeruda igap\u00e4evaelu ja nutikodude s\u00fcsteemidesse, pakkudes samal ajal meelelahutust ja praktilist tuge. T\u00f6\u00f6 printsiipZenbo t\u00f6\u00f6tab tehisintellekti ja masin\u00f5ppe p\u00f5hjal. Ta&hellip;","_links":{"self":[{"href":"https:\/\/mariiaposvystak24.thkit.ee\/wp\/eng\/wp-json\/wp\/v2\/pages\/342","targetHints":{"allow":["GET"]}}],"collection":[{"href":"https:\/\/mariiaposvystak24.thkit.ee\/wp\/eng\/wp-json\/wp\/v2\/pages"}],"about":[{"href":"https:\/\/mariiaposvystak24.thkit.ee\/wp\/eng\/wp-json\/wp\/v2\/types\/page"}],"author":[{"embeddable":true,"href":"https:\/\/mariiaposvystak24.thkit.ee\/wp\/eng\/wp-json\/wp\/v2\/users\/1"}],"replies":[{"embeddable":true,"href":"https:\/\/mariiaposvystak24.thkit.ee\/wp\/eng\/wp-json\/wp\/v2\/comments?post=342"}],"version-history":[{"count":0,"href":"https:\/\/mariiaposvystak24.thkit.ee\/wp\/eng\/wp-json\/wp\/v2\/pages\/342\/revisions"}],"wp:attachment":[{"href":"https:\/\/mariiaposvystak24.thkit.ee\/wp\/eng\/wp-json\/wp\/v2\/media?parent=342"}],"curies":[{"name":"wp","href":"https:\/\/api.w.org\/{rel}","templated":true}]}}